{"id":20519,"date":"2025-07-22T18:51:52","date_gmt":"2025-07-22T16:51:52","guid":{"rendered":"https:\/\/uj.adatbank.ro\/lexikon\/termek\/sipos-ferenc-3\/"},"modified":"2025-07-22T18:51:52","modified_gmt":"2025-07-22T16:51:52","slug":"sipos-ferenc-3","status":"publish","type":"product","link":"https:\/\/uj.adatbank.ro\/lexikon\/termek\/sipos-ferenc-3\/","title":{"rendered":"SIPOS Ferenc"},"content":{"rendered":"<p>Ny\u00e1r\u00e1dszereda, 1921. dec. 18., \u2020 Mez\u0151cs\u00e1t \u2013 Igrici, 1944. okt.: honv\u00e9d. \u2013 Szab\u00f3 Anna fia. \u2013 A 27. felder\u00edt\u0151-oszt\u00e1ly tagja. Elesett Mez\u0151cs\u00e1t \u2013 Igrici k\u00f6z\u00f6tt \u2013 <br \/><strong>Irod.:<\/strong> Berekm\u00e9ri 2015.<\/br><\/p>\n","protected":false},"excerpt":{"rendered":"<p>Ny\u00e1r\u00e1dszereda, 1921. dec. 18., \u2020 Mez\u0151cs\u00e1t \u2013 Igrici, 1944. okt.: honv\u00e9d. \u2013 Szab\u00f3 Anna fia. \u2013 A 27. felder\u00edt\u0151-oszt\u00e1ly tagja. Elesett Mez\u0151cs\u00e1t \u2013 Igrici k\u00f6z\u00f6tt \u2013 Irod.: Berekm\u00e9ri 2015.<\/p>\n","protected":false},"featured_media":0,"comment_status":"open","ping_status":"closed","template":"","meta":[],"product_brand":[],"product_cat":[137],"product_tag":[],"class_list":{"0":"post-20519","1":"product","2":"type-product","3":"status-publish","5":"product_cat-maros-megyei-eletrajzi-lexikon","7":"first","8":"instock","9":"shipping-taxable","10":"product-type-simple"},"_links":{"self":[{"href":"https:\/\/uj.adatbank.ro\/lexikon\/wp-json\/wp\/v2\/product\/20519","targetHints":{"allow":["GET"]}}],"collection":[{"href":"https:\/\/uj.adatbank.ro\/lexikon\/wp-json\/wp\/v2\/product"}],"about":[{"href":"https:\/\/uj.adatbank.ro\/lexikon\/wp-json\/wp\/v2\/types\/product"}],"replies":[{"embeddable":true,"href":"https:\/\/uj.adatbank.ro\/lexikon\/wp-json\/wp\/v2\/comments?post=20519"}],"wp:attachment":[{"href":"https:\/\/uj.adatbank.ro\/lexikon\/wp-json\/wp\/v2\/media?parent=20519"}],"wp:term":[{"taxonomy":"product_brand","embeddable":true,"href":"https:\/\/uj.adatbank.ro\/lexikon\/wp-json\/wp\/v2\/product_brand?post=20519"},{"taxonomy":"product_cat","embeddable":true,"href":"https:\/\/uj.adatbank.ro\/lexikon\/wp-json\/wp\/v2\/product_cat?post=20519"},{"taxonomy":"product_tag","embeddable":true,"href":"https:\/\/uj.adatbank.ro\/lexikon\/wp-json\/wp\/v2\/product_tag?post=20519"}],"curies":[{"name":"wp","href":"https:\/\/api.w.org\/{rel}","templated":true}]}}