{"id":20523,"date":"2025-07-22T18:52:01","date_gmt":"2025-07-22T16:52:01","guid":{"rendered":"https:\/\/uj.adatbank.ro\/lexikon\/termek\/sipos-gyorgy-2\/"},"modified":"2025-07-22T18:52:01","modified_gmt":"2025-07-22T16:52:01","slug":"sipos-gyorgy-2","status":"publish","type":"product","link":"https:\/\/uj.adatbank.ro\/lexikon\/termek\/sipos-gyorgy-2\/","title":{"rendered":"SIPOS Gy\u00f6rgy"},"content":{"rendered":"<p>? \u2020 M\u00e1ja, 1927: ref. lek\u00e9sz. \u2013 M\u00e1j\u00e1ban volt lelk\u00e9sz (1898\u2013927). <br \/><strong>Irod.:<\/strong> M\u00e1ja.<\/br><\/p>\n","protected":false},"excerpt":{"rendered":"<p>? \u2020 M\u00e1ja, 1927: ref. lek\u00e9sz. \u2013 M\u00e1j\u00e1ban volt lelk\u00e9sz (1898\u2013927). Irod.: M\u00e1ja.<\/p>\n","protected":false},"featured_media":0,"comment_status":"open","ping_status":"closed","template":"","meta":[],"product_brand":[],"product_cat":[137],"product_tag":[],"class_list":{"0":"post-20523","1":"product","2":"type-product","3":"status-publish","5":"product_cat-maros-megyei-eletrajzi-lexikon","7":"first","8":"instock","9":"shipping-taxable","10":"product-type-simple"},"_links":{"self":[{"href":"https:\/\/uj.adatbank.ro\/lexikon\/wp-json\/wp\/v2\/product\/20523","targetHints":{"allow":["GET"]}}],"collection":[{"href":"https:\/\/uj.adatbank.ro\/lexikon\/wp-json\/wp\/v2\/product"}],"about":[{"href":"https:\/\/uj.adatbank.ro\/lexikon\/wp-json\/wp\/v2\/types\/product"}],"replies":[{"embeddable":true,"href":"https:\/\/uj.adatbank.ro\/lexikon\/wp-json\/wp\/v2\/comments?post=20523"}],"wp:attachment":[{"href":"https:\/\/uj.adatbank.ro\/lexikon\/wp-json\/wp\/v2\/media?parent=20523"}],"wp:term":[{"taxonomy":"product_brand","embeddable":true,"href":"https:\/\/uj.adatbank.ro\/lexikon\/wp-json\/wp\/v2\/product_brand?post=20523"},{"taxonomy":"product_cat","embeddable":true,"href":"https:\/\/uj.adatbank.ro\/lexikon\/wp-json\/wp\/v2\/product_cat?post=20523"},{"taxonomy":"product_tag","embeddable":true,"href":"https:\/\/uj.adatbank.ro\/lexikon\/wp-json\/wp\/v2\/product_tag?post=20523"}],"curies":[{"name":"wp","href":"https:\/\/api.w.org\/{rel}","templated":true}]}}