{"id":20524,"date":"2025-07-22T18:52:02","date_gmt":"2025-07-22T16:52:02","guid":{"rendered":"https:\/\/uj.adatbank.ro\/lexikon\/termek\/sipos-gyorgy-3\/"},"modified":"2025-07-22T18:52:02","modified_gmt":"2025-07-22T16:52:02","slug":"sipos-gyorgy-3","status":"publish","type":"product","link":"https:\/\/uj.adatbank.ro\/lexikon\/termek\/sipos-gyorgy-3\/","title":{"rendered":"SIPOS Gy\u00f6rgy"},"content":{"rendered":"<p>? \u2020?: iskolai altiszt Mv.. \u2013 Katona volt (1908). R\u00e9szt vett az els\u0151 vh.-ban (1914\u201318), az orosz \u00e9s az olasz fronton harcolt, megsebes\u00fclt. Visszat\u00e9rt Mv.-re, ahol ki akart\u00e1k tenni \u00e1ll\u00e1s\u00e1b\u00f3l. A nemzet\u0151rs\u00e9ggel \u00e9s a r\u00e9gi tan\u00e1rokkal mentette meg az iskol\u00e1t. <br \/><strong>Irod.:<\/strong> Visnai.<\/br><\/p>\n","protected":false},"excerpt":{"rendered":"<p>? \u2020?: iskolai altiszt Mv.. \u2013 Katona volt (1908). R\u00e9szt vett az els\u0151 vh.-ban (1914\u201318), az orosz \u00e9s az olasz fronton harcolt, megsebes\u00fclt. Visszat\u00e9rt Mv.-re, ahol ki akart\u00e1k tenni \u00e1ll\u00e1s\u00e1b\u00f3l. A nemzet\u0151rs\u00e9ggel \u00e9s a r\u00e9gi tan\u00e1rokkal mentette meg az iskol\u00e1t. Irod.: Visnai.<\/p>\n","protected":false},"featured_media":0,"comment_status":"open","ping_status":"closed","template":"","meta":[],"product_brand":[],"product_cat":[137],"product_tag":[],"class_list":{"0":"post-20524","1":"product","2":"type-product","3":"status-publish","5":"product_cat-maros-megyei-eletrajzi-lexikon","7":"first","8":"instock","9":"shipping-taxable","10":"product-type-simple"},"_links":{"self":[{"href":"https:\/\/uj.adatbank.ro\/lexikon\/wp-json\/wp\/v2\/product\/20524","targetHints":{"allow":["GET"]}}],"collection":[{"href":"https:\/\/uj.adatbank.ro\/lexikon\/wp-json\/wp\/v2\/product"}],"about":[{"href":"https:\/\/uj.adatbank.ro\/lexikon\/wp-json\/wp\/v2\/types\/product"}],"replies":[{"embeddable":true,"href":"https:\/\/uj.adatbank.ro\/lexikon\/wp-json\/wp\/v2\/comments?post=20524"}],"wp:attachment":[{"href":"https:\/\/uj.adatbank.ro\/lexikon\/wp-json\/wp\/v2\/media?parent=20524"}],"wp:term":[{"taxonomy":"product_brand","embeddable":true,"href":"https:\/\/uj.adatbank.ro\/lexikon\/wp-json\/wp\/v2\/product_brand?post=20524"},{"taxonomy":"product_cat","embeddable":true,"href":"https:\/\/uj.adatbank.ro\/lexikon\/wp-json\/wp\/v2\/product_cat?post=20524"},{"taxonomy":"product_tag","embeddable":true,"href":"https:\/\/uj.adatbank.ro\/lexikon\/wp-json\/wp\/v2\/product_tag?post=20524"}],"curies":[{"name":"wp","href":"https:\/\/api.w.org\/{rel}","templated":true}]}}