{"id":20526,"date":"2025-07-22T18:52:06","date_gmt":"2025-07-22T16:52:06","guid":{"rendered":"https:\/\/uj.adatbank.ro\/lexikon\/termek\/sipos-istvan\/"},"modified":"2025-07-22T18:52:06","modified_gmt":"2025-07-22T16:52:06","slug":"sipos-istvan","status":"publish","type":"product","link":"https:\/\/uj.adatbank.ro\/lexikon\/termek\/sipos-istvan\/","title":{"rendered":"SIPOS Istv\u00e1n"},"content":{"rendered":"<p>? \u2020?: tan\u00edt\u00f3. \u2013 Mv.-en subscrib\u00e1lt (1785). Als\u00f3b\u00f6lk\u00e9nyben (1788\u201389), Szenth\u00e1roms\u00e1gon (1790\u201391) l\u00e9vita \u00e9s Somosdon volt mester (1794\u20131809). <br \/><strong>Irod.:<\/strong> Imreh Barna; \u0150sz.<\/br><\/p>\n","protected":false},"excerpt":{"rendered":"<p>? \u2020?: tan\u00edt\u00f3. \u2013 Mv.-en subscrib\u00e1lt (1785). Als\u00f3b\u00f6lk\u00e9nyben (1788\u201389), Szenth\u00e1roms\u00e1gon (1790\u201391) l\u00e9vita \u00e9s Somosdon volt mester (1794\u20131809). Irod.: Imreh Barna; \u0150sz.<\/p>\n","protected":false},"featured_media":0,"comment_status":"open","ping_status":"closed","template":"","meta":[],"product_brand":[],"product_cat":[137],"product_tag":[],"class_list":{"0":"post-20526","1":"product","2":"type-product","3":"status-publish","5":"product_cat-maros-megyei-eletrajzi-lexikon","7":"first","8":"instock","9":"shipping-taxable","10":"product-type-simple"},"_links":{"self":[{"href":"https:\/\/uj.adatbank.ro\/lexikon\/wp-json\/wp\/v2\/product\/20526","targetHints":{"allow":["GET"]}}],"collection":[{"href":"https:\/\/uj.adatbank.ro\/lexikon\/wp-json\/wp\/v2\/product"}],"about":[{"href":"https:\/\/uj.adatbank.ro\/lexikon\/wp-json\/wp\/v2\/types\/product"}],"replies":[{"embeddable":true,"href":"https:\/\/uj.adatbank.ro\/lexikon\/wp-json\/wp\/v2\/comments?post=20526"}],"wp:attachment":[{"href":"https:\/\/uj.adatbank.ro\/lexikon\/wp-json\/wp\/v2\/media?parent=20526"}],"wp:term":[{"taxonomy":"product_brand","embeddable":true,"href":"https:\/\/uj.adatbank.ro\/lexikon\/wp-json\/wp\/v2\/product_brand?post=20526"},{"taxonomy":"product_cat","embeddable":true,"href":"https:\/\/uj.adatbank.ro\/lexikon\/wp-json\/wp\/v2\/product_cat?post=20526"},{"taxonomy":"product_tag","embeddable":true,"href":"https:\/\/uj.adatbank.ro\/lexikon\/wp-json\/wp\/v2\/product_tag?post=20526"}],"curies":[{"name":"wp","href":"https:\/\/api.w.org\/{rel}","templated":true}]}}