{"id":20527,"date":"2025-07-22T18:52:08","date_gmt":"2025-07-22T16:52:08","guid":{"rendered":"https:\/\/uj.adatbank.ro\/lexikon\/termek\/sipos-istvan-2\/"},"modified":"2025-07-22T18:52:08","modified_gmt":"2025-07-22T16:52:08","slug":"sipos-istvan-2","status":"publish","type":"product","link":"https:\/\/uj.adatbank.ro\/lexikon\/termek\/sipos-istvan-2\/","title":{"rendered":"SIPOS Istv\u00e1n"},"content":{"rendered":"<p>1901, \u2020\u00a0Segesv\u00e1r, 1982. febr. 26.: vasutas, munk\u00e1smozgalmi harcos. \u2013 A segesv\u00e1ri SZDP tagja (1931\u2013), t\u00f6bb \u00e9ven \u00e1t a helyi vezet\u0151s\u00e9g tagja, a munk\u00e1sok k\u00e9pvisel\u0151je a helyi munkakamar\u00e1ban. A Polg\u00e1ri K\u00f6r keret\u00e9ben megszervezt\u00e9k a a m. vasutasok labdarug\u00f3 csapat\u00e1t Un\u00e9ria n\u00e9ven (1940 k.), amelynek \u00fcgyint\u00e9z\u0151je \u00e9s edz\u0151je volt. R\u00e9sz v\u00e1llalt a V\u00f6r\u00f6s Seg\u00e9ly tev\u00e9kenys\u00e9g\u00e9ben (1935\u201338). P\u00e9nzt \u00e9s \u00e9lelmiszer seg\u00e9lyt gy\u0171jt\u00f6tt az erzs\u00e9betv\u00e1rosi b\u00f6rt\u00f6nben fogvatartott politikai foglyoknak (1943). Felszabadul\u00e1s ut\u00e1n felel\u0151s p\u00e1rt- \u00e9s \u00e1llami megb\u00edzat\u00e1soknak tett eleget, tagja volt a Segesv\u00e1r v\u00e1rosi p\u00e1rtbizotts\u00e1gnak. \u00c9rdemei\u00e9rt a RSZK \u00e9rdemrendjeivel \u00e9s -\u00e9rm\u00e9ivel t\u00fcntett\u00e9k ki. <br \/><strong>Irod.:<\/strong> M\u00e1th\u00e9 Andr\u00e1s: Volt egyszer egy futballcsapat&#8230; (N\u00fa., 1998. jan. 27.); S. I. [Nekrol\u00f3g] (V.Z., 1982. febr. 27.).<\/br><\/p>\n","protected":false},"excerpt":{"rendered":"<p>1901, \u2020\u00a0Segesv\u00e1r, 1982. febr. 26.: vasutas, munk\u00e1smozgalmi harcos. \u2013 A segesv\u00e1ri SZDP tagja (1931\u2013), t\u00f6bb \u00e9ven \u00e1t a helyi vezet\u0151s\u00e9g tagja, a munk\u00e1sok k\u00e9pvisel\u0151je a helyi munkakamar\u00e1ban. A Polg\u00e1ri K\u00f6r keret\u00e9ben megszervezt\u00e9k a a m. vasutasok labdarug\u00f3 csapat\u00e1t Un\u00e9ria n\u00e9ven (1940 k.), amelynek \u00fcgyint\u00e9z\u0151je \u00e9s edz\u0151je volt. R\u00e9sz v\u00e1llalt a V\u00f6r\u00f6s Seg\u00e9ly tev\u00e9kenys\u00e9g\u00e9ben (1935\u201338). P\u00e9nzt [&hellip;]<\/p>\n","protected":false},"featured_media":0,"comment_status":"open","ping_status":"closed","template":"","meta":[],"product_brand":[],"product_cat":[137],"product_tag":[],"class_list":{"0":"post-20527","1":"product","2":"type-product","3":"status-publish","5":"product_cat-maros-megyei-eletrajzi-lexikon","7":"first","8":"instock","9":"shipping-taxable","10":"product-type-simple"},"_links":{"self":[{"href":"https:\/\/uj.adatbank.ro\/lexikon\/wp-json\/wp\/v2\/product\/20527","targetHints":{"allow":["GET"]}}],"collection":[{"href":"https:\/\/uj.adatbank.ro\/lexikon\/wp-json\/wp\/v2\/product"}],"about":[{"href":"https:\/\/uj.adatbank.ro\/lexikon\/wp-json\/wp\/v2\/types\/product"}],"replies":[{"embeddable":true,"href":"https:\/\/uj.adatbank.ro\/lexikon\/wp-json\/wp\/v2\/comments?post=20527"}],"wp:attachment":[{"href":"https:\/\/uj.adatbank.ro\/lexikon\/wp-json\/wp\/v2\/media?parent=20527"}],"wp:term":[{"taxonomy":"product_brand","embeddable":true,"href":"https:\/\/uj.adatbank.ro\/lexikon\/wp-json\/wp\/v2\/product_brand?post=20527"},{"taxonomy":"product_cat","embeddable":true,"href":"https:\/\/uj.adatbank.ro\/lexikon\/wp-json\/wp\/v2\/product_cat?post=20527"},{"taxonomy":"product_tag","embeddable":true,"href":"https:\/\/uj.adatbank.ro\/lexikon\/wp-json\/wp\/v2\/product_tag?post=20527"}],"curies":[{"name":"wp","href":"https:\/\/api.w.org\/{rel}","templated":true}]}}