{"id":20529,"date":"2025-07-22T18:52:13","date_gmt":"2025-07-22T16:52:13","guid":{"rendered":"https:\/\/uj.adatbank.ro\/lexikon\/termek\/sipos-janos\/"},"modified":"2025-07-22T18:52:13","modified_gmt":"2025-07-22T16:52:13","slug":"sipos-janos","status":"publish","type":"product","link":"https:\/\/uj.adatbank.ro\/lexikon\/termek\/sipos-janos\/","title":{"rendered":"SIPOS J\u00e1nos"},"content":{"rendered":"<p>Somosd, 1907.,\u00a0\u2020?: gazd\u00e1lkod\u00f3. \u2013 Sz\u00e9kely gazdacsal\u00e1db\u00f3l ered, el\u0151djei a k\u00f6zs\u00e9g alap\u00edt\u00f3i voltak. \u00d6n\u00e1ll\u00f3 gazda (1930\u2013) Somosdon, \u0151stermel\u00e9ssel \u00e9s haszon\u00e1llatt teny\u00e9szt\u00e9ssel foglalkozott. A Fogy. Sz\u00f6v. \u00e9s a Dal\u00e1rda v\u00e1lasztm\u00e1nyi tagja, jegyz\u0151je volt. <br \/><strong>Irod.:<\/strong> Sz\u00e9kelyf\u00f6ld \u00ed. k.<\/br><\/p>\n","protected":false},"excerpt":{"rendered":"<p>Somosd, 1907.,\u00a0\u2020?: gazd\u00e1lkod\u00f3. \u2013 Sz\u00e9kely gazdacsal\u00e1db\u00f3l ered, el\u0151djei a k\u00f6zs\u00e9g alap\u00edt\u00f3i voltak. \u00d6n\u00e1ll\u00f3 gazda (1930\u2013) Somosdon, \u0151stermel\u00e9ssel \u00e9s haszon\u00e1llatt teny\u00e9szt\u00e9ssel foglalkozott. A Fogy. Sz\u00f6v. \u00e9s a Dal\u00e1rda v\u00e1lasztm\u00e1nyi tagja, jegyz\u0151je volt. Irod.: Sz\u00e9kelyf\u00f6ld \u00ed. k.<\/p>\n","protected":false},"featured_media":0,"comment_status":"open","ping_status":"closed","template":"","meta":[],"product_brand":[],"product_cat":[137],"product_tag":[],"class_list":{"0":"post-20529","1":"product","2":"type-product","3":"status-publish","5":"product_cat-maros-megyei-eletrajzi-lexikon","7":"first","8":"instock","9":"shipping-taxable","10":"product-type-simple"},"_links":{"self":[{"href":"https:\/\/uj.adatbank.ro\/lexikon\/wp-json\/wp\/v2\/product\/20529","targetHints":{"allow":["GET"]}}],"collection":[{"href":"https:\/\/uj.adatbank.ro\/lexikon\/wp-json\/wp\/v2\/product"}],"about":[{"href":"https:\/\/uj.adatbank.ro\/lexikon\/wp-json\/wp\/v2\/types\/product"}],"replies":[{"embeddable":true,"href":"https:\/\/uj.adatbank.ro\/lexikon\/wp-json\/wp\/v2\/comments?post=20529"}],"wp:attachment":[{"href":"https:\/\/uj.adatbank.ro\/lexikon\/wp-json\/wp\/v2\/media?parent=20529"}],"wp:term":[{"taxonomy":"product_brand","embeddable":true,"href":"https:\/\/uj.adatbank.ro\/lexikon\/wp-json\/wp\/v2\/product_brand?post=20529"},{"taxonomy":"product_cat","embeddable":true,"href":"https:\/\/uj.adatbank.ro\/lexikon\/wp-json\/wp\/v2\/product_cat?post=20529"},{"taxonomy":"product_tag","embeddable":true,"href":"https:\/\/uj.adatbank.ro\/lexikon\/wp-json\/wp\/v2\/product_tag?post=20529"}],"curies":[{"name":"wp","href":"https:\/\/api.w.org\/{rel}","templated":true}]}}