{"id":20531,"date":"2025-07-22T18:52:16","date_gmt":"2025-07-22T16:52:16","guid":{"rendered":"https:\/\/uj.adatbank.ro\/lexikon\/termek\/sipos-janos-3\/"},"modified":"2025-07-22T18:52:16","modified_gmt":"2025-07-22T16:52:16","slug":"sipos-janos-3","status":"publish","type":"product","link":"https:\/\/uj.adatbank.ro\/lexikon\/termek\/sipos-janos-3\/","title":{"rendered":"SIPOS J\u00e1nos"},"content":{"rendered":"<p>Beltina, 1910. febr. 11., \u2020?: fest\u0151. \u2013 A mv.-i K\u00e9pz\u0151m\u0171v\u00e9szeti Sz\u00f6vets\u00e9g tagja (1950\u2013). <br \/><strong>Irod.:<\/strong> Moln\u00e1r.<\/br><\/p>\n","protected":false},"excerpt":{"rendered":"<p>Beltina, 1910. febr. 11., \u2020?: fest\u0151. \u2013 A mv.-i K\u00e9pz\u0151m\u0171v\u00e9szeti Sz\u00f6vets\u00e9g tagja (1950\u2013). Irod.: Moln\u00e1r.<\/p>\n","protected":false},"featured_media":0,"comment_status":"open","ping_status":"closed","template":"","meta":[],"product_brand":[],"product_cat":[137],"product_tag":[],"class_list":{"0":"post-20531","1":"product","2":"type-product","3":"status-publish","5":"product_cat-maros-megyei-eletrajzi-lexikon","7":"first","8":"instock","9":"shipping-taxable","10":"product-type-simple"},"_links":{"self":[{"href":"https:\/\/uj.adatbank.ro\/lexikon\/wp-json\/wp\/v2\/product\/20531","targetHints":{"allow":["GET"]}}],"collection":[{"href":"https:\/\/uj.adatbank.ro\/lexikon\/wp-json\/wp\/v2\/product"}],"about":[{"href":"https:\/\/uj.adatbank.ro\/lexikon\/wp-json\/wp\/v2\/types\/product"}],"replies":[{"embeddable":true,"href":"https:\/\/uj.adatbank.ro\/lexikon\/wp-json\/wp\/v2\/comments?post=20531"}],"wp:attachment":[{"href":"https:\/\/uj.adatbank.ro\/lexikon\/wp-json\/wp\/v2\/media?parent=20531"}],"wp:term":[{"taxonomy":"product_brand","embeddable":true,"href":"https:\/\/uj.adatbank.ro\/lexikon\/wp-json\/wp\/v2\/product_brand?post=20531"},{"taxonomy":"product_cat","embeddable":true,"href":"https:\/\/uj.adatbank.ro\/lexikon\/wp-json\/wp\/v2\/product_cat?post=20531"},{"taxonomy":"product_tag","embeddable":true,"href":"https:\/\/uj.adatbank.ro\/lexikon\/wp-json\/wp\/v2\/product_tag?post=20531"}],"curies":[{"name":"wp","href":"https:\/\/api.w.org\/{rel}","templated":true}]}}