{"id":20532,"date":"2025-07-22T18:52:18","date_gmt":"2025-07-22T16:52:18","guid":{"rendered":"https:\/\/uj.adatbank.ro\/lexikon\/termek\/sipos-janos-sifo-sipos-i-janos\/"},"modified":"2025-07-22T18:52:18","modified_gmt":"2025-07-22T16:52:18","slug":"sipos-janos-sifo-sipos-i-janos","status":"publish","type":"product","link":"https:\/\/uj.adatbank.ro\/lexikon\/termek\/sipos-janos-sifo-sipos-i-janos\/","title":{"rendered":"SIPOS J\u00e1nos, Sif\u00f3, Sipos I. J\u00e1nos"},"content":{"rendered":"<p>Sepsiszentgy\u00f6rgy, 1927. szept. 11., \u2020 Mv., \u00a01988?: tan\u00edt\u00f3, ford\u00edt\u00f3. \u2013 Igazgat\u00f3-tan\u00edt\u00f3 volt Mez\u0151bergeny\u00e9ben, majd tisztvisel\u0151 a mv.-i Loto-Pronosport v\u00e1llalatn\u00e1l. Ellenforradalmi tartalm\u00fa versek forgalmaz\u00e1s\u00e1val v\u00e1dolt\u00e1k. B\u0171ne, hogy horthysta tiszthelyettes volt, beb\u00f6rt\u00f6n\u00f6zt\u00e9k (1945\u201349.-ben szabadult), de azut\u00e1n is folytatta ellenz\u00e9ki tev\u00e9kenys\u00e9g\u00e9t, m\u00e9g lop\u00e1ssal is megv\u00e1dolt\u00e1k. Letart\u00f3ztatt\u00e1k (1961. j\u00fan. 30.) a mv.-i szekurit\u00e1t\u00e9n borzalmasan megk\u00ednozt\u00e1k\u00a0\u00e9s a MAT Katonai \u00dcgy\u00e9szs\u00e9ge a rendszer elleni t\u00e9nyked\u00e9s v\u00e1dj\u00e1val \u00e1ll\u00edtotta b\u00edr\u00f3s\u00e1g el\u00e9. 20 \u00e9vre \u00edt\u00e9lt\u00e9k. Szabadul\u00e1sa ut\u00e1n (1964. j\u00fan. 23.) Mv.-en \u00e9lt. Ford\u00edt\u00f3i irod\u00e1t m\u0171k\u00f6dtetett Mv.-en (1989 ut\u00e1n). A volt politikai foglyok sz\u00f6vets\u00e9g\u00e9nek alap\u00edt\u00f3 tagja, az Emberjogi Liga orsz\u00e1gos eln\u00f6ke, a Mem\u00f3ria Alap\u00edtv\u00e1ny \u00fcgyvezet\u0151 titk\u00e1ra. Leleplez\u0151 cikkei, amelyeket mint volt 8407 sz. politikai fogoly \u00edrt, a N\u00fa.-ban olvashat\u00f3k: H\u00f3h\u00e9rok \u00e9s \u00e1ldozatok (1991. dec. 18.; 1991. dec. 19.); Ny\u00edl lev\u00e9l Rom\u00e1nia eln\u00f6k\u00e9hez (N\u00fa., 1992. aug. 13.); Egy volt politikai fogoly \u00fczenete (N\u00fa., 1996. \u00e1pr. 4.); Diverzi\u00f3 \u00e9s val\u00f3s\u00e1g (N\u00fa., 1996. okt. 2.); Emberek az embertelens\u00e9gben (N\u00fa., 1996. dec. 17.). <br \/><strong>Irod.:<\/strong> 1956 Erd\u00e9lyben; \u00c1ldozatok; Bartos 2012; S. J.: Hol van, Feigel kapit\u00e1ny \u00far? (N\u00fa., 1991. okt. 3.).<\/br><\/p>\n","protected":false},"excerpt":{"rendered":"<p>Sepsiszentgy\u00f6rgy, 1927. szept. 11., \u2020 Mv., \u00a01988?: tan\u00edt\u00f3, ford\u00edt\u00f3. \u2013 Igazgat\u00f3-tan\u00edt\u00f3 volt Mez\u0151bergeny\u00e9ben, majd tisztvisel\u0151 a mv.-i Loto-Pronosport v\u00e1llalatn\u00e1l. Ellenforradalmi tartalm\u00fa versek forgalmaz\u00e1s\u00e1val v\u00e1dolt\u00e1k. B\u0171ne, hogy horthysta tiszthelyettes volt, beb\u00f6rt\u00f6n\u00f6zt\u00e9k (1945\u201349.-ben szabadult), de azut\u00e1n is folytatta ellenz\u00e9ki tev\u00e9kenys\u00e9g\u00e9t, m\u00e9g lop\u00e1ssal is megv\u00e1dolt\u00e1k. Letart\u00f3ztatt\u00e1k (1961. j\u00fan. 30.) a mv.-i szekurit\u00e1t\u00e9n borzalmasan megk\u00ednozt\u00e1k\u00a0\u00e9s a MAT Katonai \u00dcgy\u00e9szs\u00e9ge [&hellip;]<\/p>\n","protected":false},"featured_media":0,"comment_status":"open","ping_status":"closed","template":"","meta":[],"product_brand":[],"product_cat":[137],"product_tag":[],"class_list":{"0":"post-20532","1":"product","2":"type-product","3":"status-publish","5":"product_cat-maros-megyei-eletrajzi-lexikon","7":"first","8":"instock","9":"shipping-taxable","10":"product-type-simple"},"_links":{"self":[{"href":"https:\/\/uj.adatbank.ro\/lexikon\/wp-json\/wp\/v2\/product\/20532","targetHints":{"allow":["GET"]}}],"collection":[{"href":"https:\/\/uj.adatbank.ro\/lexikon\/wp-json\/wp\/v2\/product"}],"about":[{"href":"https:\/\/uj.adatbank.ro\/lexikon\/wp-json\/wp\/v2\/types\/product"}],"replies":[{"embeddable":true,"href":"https:\/\/uj.adatbank.ro\/lexikon\/wp-json\/wp\/v2\/comments?post=20532"}],"wp:attachment":[{"href":"https:\/\/uj.adatbank.ro\/lexikon\/wp-json\/wp\/v2\/media?parent=20532"}],"wp:term":[{"taxonomy":"product_brand","embeddable":true,"href":"https:\/\/uj.adatbank.ro\/lexikon\/wp-json\/wp\/v2\/product_brand?post=20532"},{"taxonomy":"product_cat","embeddable":true,"href":"https:\/\/uj.adatbank.ro\/lexikon\/wp-json\/wp\/v2\/product_cat?post=20532"},{"taxonomy":"product_tag","embeddable":true,"href":"https:\/\/uj.adatbank.ro\/lexikon\/wp-json\/wp\/v2\/product_tag?post=20532"}],"curies":[{"name":"wp","href":"https:\/\/api.w.org\/{rel}","templated":true}]}}