{"id":20534,"date":"2025-07-22T18:52:22","date_gmt":"2025-07-22T16:52:22","guid":{"rendered":"https:\/\/uj.adatbank.ro\/lexikon\/termek\/sipos-jozsef-2\/"},"modified":"2025-07-22T18:52:22","modified_gmt":"2025-07-22T16:52:22","slug":"sipos-jozsef-2","status":"publish","type":"product","link":"https:\/\/uj.adatbank.ro\/lexikon\/termek\/sipos-jozsef-2\/","title":{"rendered":"SIPOS J\u00f3zsef"},"content":{"rendered":"<p>1736, \u2020\u00a0Als\u00f3b\u00f6lk\u00e9ny, 1821.: ref. lelk\u00e9sz. \u2013 Mv.-en subscrib\u00e1lt (1764). A k\u00e9zdiv\u00e1s\u00e1rhelyi zsinaton ordin\u00e1lt\u00e1k (1775). P\u00f3kakereszt\u00faron (1774\u20131809) \u00e9s Als\u00f3b\u00f6lk\u00e9nyben (1813\u201321) volt lelk\u00e9sz. <br \/><strong>Irod.:<\/strong> \u0150sz.<\/br><\/p>\n","protected":false},"excerpt":{"rendered":"<p>1736, \u2020\u00a0Als\u00f3b\u00f6lk\u00e9ny, 1821.: ref. lelk\u00e9sz. \u2013 Mv.-en subscrib\u00e1lt (1764). A k\u00e9zdiv\u00e1s\u00e1rhelyi zsinaton ordin\u00e1lt\u00e1k (1775). P\u00f3kakereszt\u00faron (1774\u20131809) \u00e9s Als\u00f3b\u00f6lk\u00e9nyben (1813\u201321) volt lelk\u00e9sz. Irod.: \u0150sz.<\/p>\n","protected":false},"featured_media":0,"comment_status":"open","ping_status":"closed","template":"","meta":[],"product_brand":[],"product_cat":[137],"product_tag":[],"class_list":{"0":"post-20534","1":"product","2":"type-product","3":"status-publish","5":"product_cat-maros-megyei-eletrajzi-lexikon","7":"first","8":"instock","9":"shipping-taxable","10":"product-type-simple"},"_links":{"self":[{"href":"https:\/\/uj.adatbank.ro\/lexikon\/wp-json\/wp\/v2\/product\/20534","targetHints":{"allow":["GET"]}}],"collection":[{"href":"https:\/\/uj.adatbank.ro\/lexikon\/wp-json\/wp\/v2\/product"}],"about":[{"href":"https:\/\/uj.adatbank.ro\/lexikon\/wp-json\/wp\/v2\/types\/product"}],"replies":[{"embeddable":true,"href":"https:\/\/uj.adatbank.ro\/lexikon\/wp-json\/wp\/v2\/comments?post=20534"}],"wp:attachment":[{"href":"https:\/\/uj.adatbank.ro\/lexikon\/wp-json\/wp\/v2\/media?parent=20534"}],"wp:term":[{"taxonomy":"product_brand","embeddable":true,"href":"https:\/\/uj.adatbank.ro\/lexikon\/wp-json\/wp\/v2\/product_brand?post=20534"},{"taxonomy":"product_cat","embeddable":true,"href":"https:\/\/uj.adatbank.ro\/lexikon\/wp-json\/wp\/v2\/product_cat?post=20534"},{"taxonomy":"product_tag","embeddable":true,"href":"https:\/\/uj.adatbank.ro\/lexikon\/wp-json\/wp\/v2\/product_tag?post=20534"}],"curies":[{"name":"wp","href":"https:\/\/api.w.org\/{rel}","templated":true}]}}