{"id":20538,"date":"2025-07-22T18:52:30","date_gmt":"2025-07-22T16:52:30","guid":{"rendered":"https:\/\/uj.adatbank.ro\/lexikon\/termek\/sipos-lajos-nyaradgalfalvi\/"},"modified":"2025-07-22T18:52:30","modified_gmt":"2025-07-22T16:52:30","slug":"sipos-lajos-nyaradgalfalvi","status":"publish","type":"product","link":"https:\/\/uj.adatbank.ro\/lexikon\/termek\/sipos-lajos-nyaradgalfalvi\/","title":{"rendered":"SIPOS Lajos, ny\u00e1r\u00e1dg\u00e1lfalvi"},"content":{"rendered":"<p>? \u2020?: al\u00fcgy\u00e9sz. \u2013 Feles\u00e9ge: Gruzda K\u00e1rolina. Gyermekei: Linka Sebess J\u00e1nosn\u00e9; S. Lajos (1844? \u2013 Nagyszeben, 1885. nov. 4. Vaj\u00e1ban temett\u00e9k), sz\u00e9kelyudvarhelyi kir. j\u00e1r\u00e1sb\u00edr\u00f3s\u00e1gi jegyz\u0151; S. S\u00e1ndor, feles\u00e9ge Bal\u00f3 Katinka; S. D\u00e9nes (1843 \u2013 Mv., 1863. aug. 18.). \u2013 M\u00e1sod al\u00fcgy\u00e9sz Maros megye alisp\u00e1ni hivatal\u00e1ban (1849. \u00e1pr.). <br \/><strong>Irod.:<\/strong> 1848\u20131849 Marossz\u00e9k; Gy\u00e1szjelent\u0151; P\u00e1l-Antal; P\u00e1l-Antal 2002.<\/br><\/p>\n","protected":false},"excerpt":{"rendered":"<p>? \u2020?: al\u00fcgy\u00e9sz. \u2013 Feles\u00e9ge: Gruzda K\u00e1rolina. Gyermekei: Linka Sebess J\u00e1nosn\u00e9; S. Lajos (1844? \u2013 Nagyszeben, 1885. nov. 4. Vaj\u00e1ban temett\u00e9k), sz\u00e9kelyudvarhelyi kir. j\u00e1r\u00e1sb\u00edr\u00f3s\u00e1gi jegyz\u0151; S. S\u00e1ndor, feles\u00e9ge Bal\u00f3 Katinka; S. D\u00e9nes (1843 \u2013 Mv., 1863. aug. 18.). \u2013 M\u00e1sod al\u00fcgy\u00e9sz Maros megye alisp\u00e1ni hivatal\u00e1ban (1849. \u00e1pr.). Irod.: 1848\u20131849 Marossz\u00e9k; Gy\u00e1szjelent\u0151; P\u00e1l-Antal; P\u00e1l-Antal 2002.<\/p>\n","protected":false},"featured_media":0,"comment_status":"open","ping_status":"closed","template":"","meta":[],"product_brand":[],"product_cat":[137],"product_tag":[],"class_list":{"0":"post-20538","1":"product","2":"type-product","3":"status-publish","5":"product_cat-maros-megyei-eletrajzi-lexikon","7":"first","8":"instock","9":"shipping-taxable","10":"product-type-simple"},"_links":{"self":[{"href":"https:\/\/uj.adatbank.ro\/lexikon\/wp-json\/wp\/v2\/product\/20538","targetHints":{"allow":["GET"]}}],"collection":[{"href":"https:\/\/uj.adatbank.ro\/lexikon\/wp-json\/wp\/v2\/product"}],"about":[{"href":"https:\/\/uj.adatbank.ro\/lexikon\/wp-json\/wp\/v2\/types\/product"}],"replies":[{"embeddable":true,"href":"https:\/\/uj.adatbank.ro\/lexikon\/wp-json\/wp\/v2\/comments?post=20538"}],"wp:attachment":[{"href":"https:\/\/uj.adatbank.ro\/lexikon\/wp-json\/wp\/v2\/media?parent=20538"}],"wp:term":[{"taxonomy":"product_brand","embeddable":true,"href":"https:\/\/uj.adatbank.ro\/lexikon\/wp-json\/wp\/v2\/product_brand?post=20538"},{"taxonomy":"product_cat","embeddable":true,"href":"https:\/\/uj.adatbank.ro\/lexikon\/wp-json\/wp\/v2\/product_cat?post=20538"},{"taxonomy":"product_tag","embeddable":true,"href":"https:\/\/uj.adatbank.ro\/lexikon\/wp-json\/wp\/v2\/product_tag?post=20538"}],"curies":[{"name":"wp","href":"https:\/\/api.w.org\/{rel}","templated":true}]}}