{"id":20539,"date":"2025-07-22T18:52:32","date_gmt":"2025-07-22T16:52:32","guid":{"rendered":"https:\/\/uj.adatbank.ro\/lexikon\/termek\/sipos-lajos-%c2%a7\/"},"modified":"2025-07-22T18:52:32","modified_gmt":"2025-07-22T16:52:32","slug":"sipos-lajos-%c2%a7","status":"publish","type":"product","link":"https:\/\/uj.adatbank.ro\/lexikon\/termek\/sipos-lajos-%c2%a7\/","title":{"rendered":"SIPOS Lajos, \u00a7"},"content":{"rendered":"<p>Mv., 1911. m\u00e1rc. 28., \u2020 Mv., 2001. m\u00e1j. 31.: tan\u00e1r, helyt\u00f6rt\u00e9n\u00e9sz. \u2013 S.S\u00e1ndor, f\u00f6ldbirtokos \u00e9s Csiki Anna fia. Feles\u00e9ge, M\u00e1nya Margit (1947), le\u00edr\u00f3 \u00e9s ford\u00edt\u00f3 irod\u00e1t vezetett. Gyermekeik: Lajos (1948), orvos \u00e9s Imola Margit (1950), eg\u00e9szs\u00e9g\u00fcgyi asszisztens. \u2013 Elemi \u00e9s k\u00f6z\u00e9piskolai tanulm\u00e1nyait a mv.-i Ref. Koll.-ban, az egyetemet Kv.-on az I.Ferdin\u00e1nd TE v\u00e9gezte, francia-rom\u00e1n-m. szakon (1932). A mv.-i Ref. Koll. vezet\u0151s\u00e9g\u00e9nek javaslat\u00e1ra egyetemi \u00e9vei alatt egy \u00e9vig a Sorbonne egyetemen, P\u00e1rizs (1930\u201331), t\u00f6k\u00e9letes\u00edtette nyelvtud\u00e1s\u00e1t. Franciatan\u00e1r volt Mv.-en a Ref. Koll-ban (1932\u201344). A Concordia-Egyet\u00e9rt\u00e9s c. Hitelsz\u00f6vetkezetet szervezett a kv.-i Hitelsz\u00f6vetkezeti Uni\u00f3 t\u00e1mogat\u00e1s\u00e1val (1936). Tan\u00edtotta nemcsak a francia nyelvet \u00e9s irodalmat, hanem a kert\u00e9szked\u00e9sr\u0151l, a v\u00e1s\u00e1rhelyi csal\u00e1dok m\u00faltj\u00e1r\u00f3l \u00e9s a vil\u00e1g dolgair\u00f3l is t\u00e1j\u00e9koztatott. R\u00e9szt vett az erd\u00e9lyi m. fiatal \u00e9rtelmis\u00e9gek tal\u00e1lkoz\u00f3j\u00e1n, a V\u00e1s\u00e1rhelyi tal\u00e1lkoz\u00f3n (1937. okt. 2\u20134.). T\u00f6bbsz\u00f6r vett r\u00e9szt katonai \u00e1tk\u00e9pz\u00e9sen (1938\u201339, 1942). Z\u00e1szl\u00f3sk\u00e9nt ker\u00fclt a frontra (1944), N\u00e9meto.-ban fogs\u00e1gba esett, majd visszat\u00e9rt Mv.-re (1949). \u00c1llamos\u00edt\u00e1skor a sz\u00fcleit\u0151l \u00f6r\u00f6k\u00f6lt mv.-i emeletes h\u00e1z\u00e1t elvett\u00e9k A Koll. \u00e1llamos\u00edt\u00e1sa ut\u00e1n \u00e1thelyezt\u00e9k az 5. sz. \u00e1ltal\u00e1nos iskol\u00e1ba ( \u2013 1952), majd a mez\u0151gazdas\u00e1gi iskol\u00e1ban tan\u00edtott (1952\u201364). A N\u00e9piegyetemen tan\u00edtott francia nyelvet (1963\u201390). Cikkei jelentek meg a: V. Z., St., N\u00fa., Tan\u00fcgyi \u00dajs\u00e1gban. 69 el\u0151ad\u00e1st tartott a helyi R\u00e1di\u00f3ban Mv.-i mes\u00e9l\u0151 h\u00e1zak c.-mel, nyomtat\u00e1sban is megjelent. \u2013 <strong>F. m.<\/strong>: Marosv\u00e1s\u00e1rhelyi mes\u00e9l\u0151 h\u00e1zak (Mv., 1999). <br \/><strong>Irod.:<\/strong> B\u00f6l\u00f6ni Domokos: Mes\u00e9l\u0151 h\u00e1zak, elbesz\u00e9lt v\u00e1rost\u00f6rt\u00e9net (N\u00fa., 1999. okt. 26.); Csif\u00f3; EMKK 2000; Keresztes Gyula: S. L. tan\u00e1r \u00farr\u00f3l (N\u00fa., Sz\u00ednes Vil\u00e1g, 2007. m\u00e1rc. 3.); Kuti M\u00e1rta 2010; Mv. t\u00f6rt. 2.; Nagy P\u00e1l: B\u00facs\u00faz\u00f3 szavak (N\u00fa., 2001. j\u00fan.,8); Nurids\u00e1ny Tibor: Mir\u0151l mes\u00e9lnek a h\u00e1zak? (N\u00fa., 1999. nov. 4.); N\u00fa. (2001. j\u00fan. 8.; 2002. \u00e1pr. 10.; 2007. m\u00e1rc. 3.); Omagiu; Pa\u00e1l Jen\u0151. Ny\u00edlt lev\u00e9l S. L.-nak (N\u00fa., 1995. jan. 19.); RMKK; Sk\u00f3la.<\/br><\/p>\n","protected":false},"excerpt":{"rendered":"<p>Mv., 1911. m\u00e1rc. 28., \u2020 Mv., 2001. m\u00e1j. 31.: tan\u00e1r, helyt\u00f6rt\u00e9n\u00e9sz. \u2013 S.S\u00e1ndor, f\u00f6ldbirtokos \u00e9s Csiki Anna fia. Feles\u00e9ge, M\u00e1nya Margit (1947), le\u00edr\u00f3 \u00e9s ford\u00edt\u00f3 irod\u00e1t vezetett. Gyermekeik: Lajos (1948), orvos \u00e9s Imola Margit (1950), eg\u00e9szs\u00e9g\u00fcgyi asszisztens. \u2013 Elemi \u00e9s k\u00f6z\u00e9piskolai tanulm\u00e1nyait a mv.-i Ref. Koll.-ban, az egyetemet Kv.-on az I.Ferdin\u00e1nd TE v\u00e9gezte, francia-rom\u00e1n-m. szakon [&hellip;]<\/p>\n","protected":false},"featured_media":0,"comment_status":"open","ping_status":"closed","template":"","meta":[],"product_brand":[],"product_cat":[137],"product_tag":[],"class_list":{"0":"post-20539","1":"product","2":"type-product","3":"status-publish","5":"product_cat-maros-megyei-eletrajzi-lexikon","7":"first","8":"instock","9":"shipping-taxable","10":"product-type-simple"},"_links":{"self":[{"href":"https:\/\/uj.adatbank.ro\/lexikon\/wp-json\/wp\/v2\/product\/20539","targetHints":{"allow":["GET"]}}],"collection":[{"href":"https:\/\/uj.adatbank.ro\/lexikon\/wp-json\/wp\/v2\/product"}],"about":[{"href":"https:\/\/uj.adatbank.ro\/lexikon\/wp-json\/wp\/v2\/types\/product"}],"replies":[{"embeddable":true,"href":"https:\/\/uj.adatbank.ro\/lexikon\/wp-json\/wp\/v2\/comments?post=20539"}],"wp:attachment":[{"href":"https:\/\/uj.adatbank.ro\/lexikon\/wp-json\/wp\/v2\/media?parent=20539"}],"wp:term":[{"taxonomy":"product_brand","embeddable":true,"href":"https:\/\/uj.adatbank.ro\/lexikon\/wp-json\/wp\/v2\/product_brand?post=20539"},{"taxonomy":"product_cat","embeddable":true,"href":"https:\/\/uj.adatbank.ro\/lexikon\/wp-json\/wp\/v2\/product_cat?post=20539"},{"taxonomy":"product_tag","embeddable":true,"href":"https:\/\/uj.adatbank.ro\/lexikon\/wp-json\/wp\/v2\/product_tag?post=20539"}],"curies":[{"name":"wp","href":"https:\/\/api.w.org\/{rel}","templated":true}]}}