{"id":20541,"date":"2025-07-22T18:52:38","date_gmt":"2025-07-22T16:52:38","guid":{"rendered":"https:\/\/uj.adatbank.ro\/lexikon\/termek\/sipos-margit-orban-balazsne\/"},"modified":"2025-07-22T18:52:38","modified_gmt":"2025-07-22T16:52:38","slug":"sipos-margit-orban-balazsne","status":"publish","type":"product","link":"https:\/\/uj.adatbank.ro\/lexikon\/termek\/sipos-margit-orban-balazsne\/","title":{"rendered":"SIPOS Margit; Orb\u00e1n Bal\u00e1zsn\u00e9"},"content":{"rendered":"<p>? \u2020?: ? \u2013 Sz\u00e9kelyvajai birtokos csal\u00e1db\u00f3l sz\u00e1rmazott. \u0150 \u00f6r\u00f6k\u00f6lte a Borsos Tam\u00e1s u. 14. sz alatti h\u00e1zat. Nagyapja gr\u00f3fi int\u00e9z\u0151 volt, eg\u00e9sz csal\u00e1dja vend\u00e9gszeret\u0151 \u00e9s j\u00f3 t\u00e1rsalg\u00f3 volt. lak\u00e1suk a v\u00e1ros tanult embereinek tal\u00e1lkoz\u00f3helye volt. Margit a sz\u00e1zad elej\u00e9n hozz\u00e1ment Orb\u00e1n Bal\u00e1zs v\u00e1rmegyei f\u0151jegyz\u0151h\u00f6z \u00e9s h\u00e1rom gyerek\u00fck sz\u00fcletett. Istv\u00e1n, Gy\u00f6rgy \u00e9s \u00c9va. Szalonj\u00e1t sokan l\u00e1togatt\u00e1k pl.: Szabolcska Mih\u00e1ly k\u00f6lt\u0151, marosfelfalui, majd temesv\u00e1ri pap, S\u00e9nyi L\u00e1szl\u00f3 a KZST titk\u00e1ra, Kinizsi P\u00e1l volt b\u00e9csi test\u0151r, Darabont jegyz\u0151, Eperjessy\u00e9k, Erd\u0151szentgy\u00f6rgyr\u0151l Zeyk Antal volt szolgab\u00edr\u00f3, Sz\u00e1nt\u00f3 birtokos csal\u00e1d Mosonr\u00f3l, Sebess Jen\u0151 \u00fcgyv\u00e9d a MP \u00e9s \u00dcgyv\u00e9di Kamara eln\u00f6ke Schopp postatisztvisel\u0151, Nagy J\u00f3zsef volt alisp\u00e1n stb. F\u00e9rje hal\u00e1la ut\u00e1n Boila Romulus kv.-i egyetemi tan\u00e1r \u00e9s Boila Zakari\u00e1s Kisk\u00fck\u00fcll\u0151 megye f\u0151isp\u00e1nja kij\u00e1rt\u00e1k hogy az 1918 el\u0151tti v\u00e1rmegyei tisztvisel\u0151k kapjanak nyugd\u00edjat. Igy meg\u00e9lhet\u00e9s\u00fck biztos\u00edtva volt. Tenisz p\u00e1ly\u00e1t rendeztek be kertj\u00fckben, hozott ez is egy kicsi p\u00e9nzt a h\u00e1zhoz, m\u00edg ki nem saj\u00e1t\u00edtott\u00e1k a kertet a rend\u0151rs\u00e9g \u00e9s \u00e1llamv\u00e9delmi hivatal sz\u00e1m\u00e1ra. <br \/><strong>Irod.:<\/strong> Sipos.<\/br><\/p>\n","protected":false},"excerpt":{"rendered":"<p>? \u2020?: ? \u2013 Sz\u00e9kelyvajai birtokos csal\u00e1db\u00f3l sz\u00e1rmazott. \u0150 \u00f6r\u00f6k\u00f6lte a Borsos Tam\u00e1s u. 14. sz alatti h\u00e1zat. Nagyapja gr\u00f3fi int\u00e9z\u0151 volt, eg\u00e9sz csal\u00e1dja vend\u00e9gszeret\u0151 \u00e9s j\u00f3 t\u00e1rsalg\u00f3 volt. lak\u00e1suk a v\u00e1ros tanult embereinek tal\u00e1lkoz\u00f3helye volt. Margit a sz\u00e1zad elej\u00e9n hozz\u00e1ment Orb\u00e1n Bal\u00e1zs v\u00e1rmegyei f\u0151jegyz\u0151h\u00f6z \u00e9s h\u00e1rom gyerek\u00fck sz\u00fcletett. Istv\u00e1n, Gy\u00f6rgy \u00e9s \u00c9va. Szalonj\u00e1t sokan [&hellip;]<\/p>\n","protected":false},"featured_media":0,"comment_status":"open","ping_status":"closed","template":"","meta":[],"product_brand":[],"product_cat":[137],"product_tag":[],"class_list":{"0":"post-20541","1":"product","2":"type-product","3":"status-publish","5":"product_cat-maros-megyei-eletrajzi-lexikon","7":"first","8":"instock","9":"shipping-taxable","10":"product-type-simple"},"_links":{"self":[{"href":"https:\/\/uj.adatbank.ro\/lexikon\/wp-json\/wp\/v2\/product\/20541","targetHints":{"allow":["GET"]}}],"collection":[{"href":"https:\/\/uj.adatbank.ro\/lexikon\/wp-json\/wp\/v2\/product"}],"about":[{"href":"https:\/\/uj.adatbank.ro\/lexikon\/wp-json\/wp\/v2\/types\/product"}],"replies":[{"embeddable":true,"href":"https:\/\/uj.adatbank.ro\/lexikon\/wp-json\/wp\/v2\/comments?post=20541"}],"wp:attachment":[{"href":"https:\/\/uj.adatbank.ro\/lexikon\/wp-json\/wp\/v2\/media?parent=20541"}],"wp:term":[{"taxonomy":"product_brand","embeddable":true,"href":"https:\/\/uj.adatbank.ro\/lexikon\/wp-json\/wp\/v2\/product_brand?post=20541"},{"taxonomy":"product_cat","embeddable":true,"href":"https:\/\/uj.adatbank.ro\/lexikon\/wp-json\/wp\/v2\/product_cat?post=20541"},{"taxonomy":"product_tag","embeddable":true,"href":"https:\/\/uj.adatbank.ro\/lexikon\/wp-json\/wp\/v2\/product_tag?post=20541"}],"curies":[{"name":"wp","href":"https:\/\/api.w.org\/{rel}","templated":true}]}}