{"id":20549,"date":"2025-07-22T18:52:54","date_gmt":"2025-07-22T16:52:54","guid":{"rendered":"https:\/\/uj.adatbank.ro\/lexikon\/termek\/sipos-sandor-nyaradgalfalvi\/"},"modified":"2025-07-22T18:52:54","modified_gmt":"2025-07-22T16:52:54","slug":"sipos-sandor-nyaradgalfalvi","status":"publish","type":"product","link":"https:\/\/uj.adatbank.ro\/lexikon\/termek\/sipos-sandor-nyaradgalfalvi\/","title":{"rendered":"SIPOS S\u00e1ndor, ny\u00e1r\u00e1dg\u00e1lfalvi"},"content":{"rendered":"<p>1847? \u2020\u00a0Mv., 1923. dec. 1. Sz\u00e9kelyvaj\u00e1ban temett\u00e9k: f\u00f6ldbirtokos. \u2013 Feles\u00e9ge: Cs\u00edky Anna. Gyermekeik: S. Erzsike, S\u00e1ndor, Lajos. \u2013 Vajai f\u00f6ldbirtokos. Az Erd\u00e9lyi Kereskedelmi \u00e9s Hitelbank Rt fel\u00fcgyel\u0151bizotts\u00e1g\u00e1nak tagja. <br \/><strong>Irod.:<\/strong> Gy\u00e1szjelent\u0151.<\/br><\/p>\n","protected":false},"excerpt":{"rendered":"<p>1847? \u2020\u00a0Mv., 1923. dec. 1. Sz\u00e9kelyvaj\u00e1ban temett\u00e9k: f\u00f6ldbirtokos. \u2013 Feles\u00e9ge: Cs\u00edky Anna. Gyermekeik: S. Erzsike, S\u00e1ndor, Lajos. \u2013 Vajai f\u00f6ldbirtokos. Az Erd\u00e9lyi Kereskedelmi \u00e9s Hitelbank Rt fel\u00fcgyel\u0151bizotts\u00e1g\u00e1nak tagja. Irod.: Gy\u00e1szjelent\u0151.<\/p>\n","protected":false},"featured_media":0,"comment_status":"open","ping_status":"closed","template":"","meta":[],"product_brand":[],"product_cat":[137],"product_tag":[],"class_list":{"0":"post-20549","1":"product","2":"type-product","3":"status-publish","5":"product_cat-maros-megyei-eletrajzi-lexikon","7":"first","8":"instock","9":"shipping-taxable","10":"product-type-simple"},"_links":{"self":[{"href":"https:\/\/uj.adatbank.ro\/lexikon\/wp-json\/wp\/v2\/product\/20549","targetHints":{"allow":["GET"]}}],"collection":[{"href":"https:\/\/uj.adatbank.ro\/lexikon\/wp-json\/wp\/v2\/product"}],"about":[{"href":"https:\/\/uj.adatbank.ro\/lexikon\/wp-json\/wp\/v2\/types\/product"}],"replies":[{"embeddable":true,"href":"https:\/\/uj.adatbank.ro\/lexikon\/wp-json\/wp\/v2\/comments?post=20549"}],"wp:attachment":[{"href":"https:\/\/uj.adatbank.ro\/lexikon\/wp-json\/wp\/v2\/media?parent=20549"}],"wp:term":[{"taxonomy":"product_brand","embeddable":true,"href":"https:\/\/uj.adatbank.ro\/lexikon\/wp-json\/wp\/v2\/product_brand?post=20549"},{"taxonomy":"product_cat","embeddable":true,"href":"https:\/\/uj.adatbank.ro\/lexikon\/wp-json\/wp\/v2\/product_cat?post=20549"},{"taxonomy":"product_tag","embeddable":true,"href":"https:\/\/uj.adatbank.ro\/lexikon\/wp-json\/wp\/v2\/product_tag?post=20549"}],"curies":[{"name":"wp","href":"https:\/\/api.w.org\/{rel}","templated":true}]}}