{"id":2055,"date":"2025-06-28T12:02:28","date_gmt":"2025-06-28T10:02:28","guid":{"rendered":"https:\/\/uj.adatbank.ro\/lexikon\/termek\/balogh-dezso\/"},"modified":"2025-06-28T12:02:28","modified_gmt":"2025-06-28T10:02:28","slug":"balogh-dezso","status":"publish","type":"product","link":"https:\/\/uj.adatbank.ro\/lexikon\/termek\/balogh-dezso\/","title":{"rendered":"BALOGH Dezs\u0151"},"content":{"rendered":"<p>B\u00e9l, 1894., \u2020\u00a0? : erd\u0151m\u00e9rn\u00f6k. \u2013 Tanulm\u00e1nyait Nagyav\u00e1radon \u00e9s Selmecb\u00e1ny\u00e1n v\u00e9gezte. Oklevelet nyert (1921). Dolgozott Nagyb\u00e1ny\u00e1n, Moldov\u00e1ban, G\u00f6rg\u00e9nyszentimr\u00e9n (1940\u2013), ahol az alerd\u00e9szi iskola tan\u00e1ra is volt. <br \/><strong>Irod.:<\/strong> Sz\u00e9kelyf\u00f6ld \u00ed. k.<\/br><\/p>\n","protected":false},"excerpt":{"rendered":"<p>B\u00e9l, 1894., \u2020\u00a0? : erd\u0151m\u00e9rn\u00f6k. \u2013 Tanulm\u00e1nyait Nagyav\u00e1radon \u00e9s Selmecb\u00e1ny\u00e1n v\u00e9gezte. Oklevelet nyert (1921). Dolgozott Nagyb\u00e1ny\u00e1n, Moldov\u00e1ban, G\u00f6rg\u00e9nyszentimr\u00e9n (1940\u2013), ahol az alerd\u00e9szi iskola tan\u00e1ra is volt. Irod.: Sz\u00e9kelyf\u00f6ld \u00ed. k.<\/p>\n","protected":false},"featured_media":0,"comment_status":"open","ping_status":"closed","template":"","meta":[],"product_brand":[],"product_cat":[137],"product_tag":[],"class_list":{"0":"post-2055","1":"product","2":"type-product","3":"status-publish","5":"product_cat-maros-megyei-eletrajzi-lexikon","7":"first","8":"instock","9":"shipping-taxable","10":"product-type-simple"},"_links":{"self":[{"href":"https:\/\/uj.adatbank.ro\/lexikon\/wp-json\/wp\/v2\/product\/2055","targetHints":{"allow":["GET"]}}],"collection":[{"href":"https:\/\/uj.adatbank.ro\/lexikon\/wp-json\/wp\/v2\/product"}],"about":[{"href":"https:\/\/uj.adatbank.ro\/lexikon\/wp-json\/wp\/v2\/types\/product"}],"replies":[{"embeddable":true,"href":"https:\/\/uj.adatbank.ro\/lexikon\/wp-json\/wp\/v2\/comments?post=2055"}],"wp:attachment":[{"href":"https:\/\/uj.adatbank.ro\/lexikon\/wp-json\/wp\/v2\/media?parent=2055"}],"wp:term":[{"taxonomy":"product_brand","embeddable":true,"href":"https:\/\/uj.adatbank.ro\/lexikon\/wp-json\/wp\/v2\/product_brand?post=2055"},{"taxonomy":"product_cat","embeddable":true,"href":"https:\/\/uj.adatbank.ro\/lexikon\/wp-json\/wp\/v2\/product_cat?post=2055"},{"taxonomy":"product_tag","embeddable":true,"href":"https:\/\/uj.adatbank.ro\/lexikon\/wp-json\/wp\/v2\/product_tag?post=2055"}],"curies":[{"name":"wp","href":"https:\/\/api.w.org\/{rel}","templated":true}]}}