{"id":20552,"date":"2025-07-22T18:53:01","date_gmt":"2025-07-22T16:53:01","guid":{"rendered":"https:\/\/uj.adatbank.ro\/lexikon\/termek\/siu-alexandru\/"},"modified":"2025-07-22T18:53:01","modified_gmt":"2025-07-22T16:53:01","slug":"siu-alexandru","status":"publish","type":"product","link":"https:\/\/uj.adatbank.ro\/lexikon\/termek\/siu-alexandru\/","title":{"rendered":"SIU, Alexandru"},"content":{"rendered":"<p>Stanesti, 1916. jan. 13., \u2020 N\u00e1zn\u00e1nfalva, 1944. okt. 4.: hadnagy. \u2013 Giurgiuban kereskedelmi l\u00edc.-t v\u00e9gzett. R\u00e9szt vett szakasz\u00e1nak minden akci\u00f3j\u00e1ban (1944 aug. 23.\u2013). Elesett a n\u00e1zn\u00e1nfalvi harcokban. A mv.i h\u00f6s\u00f6k temet\u0151j\u00e9ben az eml\u00e9km\u0171v\u00f6n szerepel a neve. Post mortem hadnagy, a Mihai Viteazul rend III. fokozat\u00e1val, a Rom\u00e1n Koronarend V. Kard \u00e9s Szalag oszt\u00e1ly\u00e1val t\u00fcntett\u00e9k ki. <br \/><strong>Irod.:<\/strong> MMK; Suciu.<\/br><\/p>\n","protected":false},"excerpt":{"rendered":"<p>Stanesti, 1916. jan. 13., \u2020 N\u00e1zn\u00e1nfalva, 1944. okt. 4.: hadnagy. \u2013 Giurgiuban kereskedelmi l\u00edc.-t v\u00e9gzett. R\u00e9szt vett szakasz\u00e1nak minden akci\u00f3j\u00e1ban (1944 aug. 23.\u2013). Elesett a n\u00e1zn\u00e1nfalvi harcokban. A mv.i h\u00f6s\u00f6k temet\u0151j\u00e9ben az eml\u00e9km\u0171v\u00f6n szerepel a neve. Post mortem hadnagy, a Mihai Viteazul rend III. fokozat\u00e1val, a Rom\u00e1n Koronarend V. Kard \u00e9s Szalag oszt\u00e1ly\u00e1val t\u00fcntett\u00e9k ki. [&hellip;]<\/p>\n","protected":false},"featured_media":0,"comment_status":"open","ping_status":"closed","template":"","meta":[],"product_brand":[],"product_cat":[137],"product_tag":[],"class_list":{"0":"post-20552","1":"product","2":"type-product","3":"status-publish","5":"product_cat-maros-megyei-eletrajzi-lexikon","7":"first","8":"instock","9":"shipping-taxable","10":"product-type-simple"},"_links":{"self":[{"href":"https:\/\/uj.adatbank.ro\/lexikon\/wp-json\/wp\/v2\/product\/20552","targetHints":{"allow":["GET"]}}],"collection":[{"href":"https:\/\/uj.adatbank.ro\/lexikon\/wp-json\/wp\/v2\/product"}],"about":[{"href":"https:\/\/uj.adatbank.ro\/lexikon\/wp-json\/wp\/v2\/types\/product"}],"replies":[{"embeddable":true,"href":"https:\/\/uj.adatbank.ro\/lexikon\/wp-json\/wp\/v2\/comments?post=20552"}],"wp:attachment":[{"href":"https:\/\/uj.adatbank.ro\/lexikon\/wp-json\/wp\/v2\/media?parent=20552"}],"wp:term":[{"taxonomy":"product_brand","embeddable":true,"href":"https:\/\/uj.adatbank.ro\/lexikon\/wp-json\/wp\/v2\/product_brand?post=20552"},{"taxonomy":"product_cat","embeddable":true,"href":"https:\/\/uj.adatbank.ro\/lexikon\/wp-json\/wp\/v2\/product_cat?post=20552"},{"taxonomy":"product_tag","embeddable":true,"href":"https:\/\/uj.adatbank.ro\/lexikon\/wp-json\/wp\/v2\/product_tag?post=20552"}],"curies":[{"name":"wp","href":"https:\/\/api.w.org\/{rel}","templated":true}]}}