{"id":20553,"date":"2025-07-22T18:53:03","date_gmt":"2025-07-22T16:53:03","guid":{"rendered":"https:\/\/uj.adatbank.ro\/lexikon\/termek\/sixtius-johann\/"},"modified":"2025-07-22T18:53:03","modified_gmt":"2025-07-22T16:53:03","slug":"sixtius-johann","status":"publish","type":"product","link":"https:\/\/uj.adatbank.ro\/lexikon\/termek\/sixtius-johann\/","title":{"rendered":"SIXTIUS, Johann"},"content":{"rendered":"<p>Segesv\u00e1r.? \u2020 Segesd, 1803. aug. 3.: tan\u00e1r, ev. lelk\u00e9sz. \u2013 Tanult J\u00e9n\u00e1ban (1755). Tan\u00e1r Segesv\u00e1ron. Lelk\u00e9sz Sz\u00e1szd\u00e1ly\u00e1n (1772\u2013), Segesden (1788\u20131803). <br \/><strong>Irod.:<\/strong> Apold; Szab\u00f3\u2013Sz\u00f6gi.<\/br><\/p>\n","protected":false},"excerpt":{"rendered":"<p>Segesv\u00e1r.? \u2020 Segesd, 1803. aug. 3.: tan\u00e1r, ev. lelk\u00e9sz. \u2013 Tanult J\u00e9n\u00e1ban (1755). Tan\u00e1r Segesv\u00e1ron. Lelk\u00e9sz Sz\u00e1szd\u00e1ly\u00e1n (1772\u2013), Segesden (1788\u20131803). Irod.: Apold; Szab\u00f3\u2013Sz\u00f6gi.<\/p>\n","protected":false},"featured_media":0,"comment_status":"open","ping_status":"closed","template":"","meta":[],"product_brand":[],"product_cat":[137],"product_tag":[],"class_list":{"0":"post-20553","1":"product","2":"type-product","3":"status-publish","5":"product_cat-maros-megyei-eletrajzi-lexikon","7":"first","8":"instock","9":"shipping-taxable","10":"product-type-simple"},"_links":{"self":[{"href":"https:\/\/uj.adatbank.ro\/lexikon\/wp-json\/wp\/v2\/product\/20553","targetHints":{"allow":["GET"]}}],"collection":[{"href":"https:\/\/uj.adatbank.ro\/lexikon\/wp-json\/wp\/v2\/product"}],"about":[{"href":"https:\/\/uj.adatbank.ro\/lexikon\/wp-json\/wp\/v2\/types\/product"}],"replies":[{"embeddable":true,"href":"https:\/\/uj.adatbank.ro\/lexikon\/wp-json\/wp\/v2\/comments?post=20553"}],"wp:attachment":[{"href":"https:\/\/uj.adatbank.ro\/lexikon\/wp-json\/wp\/v2\/media?parent=20553"}],"wp:term":[{"taxonomy":"product_brand","embeddable":true,"href":"https:\/\/uj.adatbank.ro\/lexikon\/wp-json\/wp\/v2\/product_brand?post=20553"},{"taxonomy":"product_cat","embeddable":true,"href":"https:\/\/uj.adatbank.ro\/lexikon\/wp-json\/wp\/v2\/product_cat?post=20553"},{"taxonomy":"product_tag","embeddable":true,"href":"https:\/\/uj.adatbank.ro\/lexikon\/wp-json\/wp\/v2\/product_tag?post=20553"}],"curies":[{"name":"wp","href":"https:\/\/api.w.org\/{rel}","templated":true}]}}