{"id":20555,"date":"2025-07-22T18:53:08","date_gmt":"2025-07-22T16:53:08","guid":{"rendered":"https:\/\/uj.adatbank.ro\/lexikon\/termek\/slomo-jicchaki-izsak-sanyi\/"},"modified":"2025-07-22T18:53:08","modified_gmt":"2025-07-22T16:53:08","slug":"slomo-jicchaki-izsak-sanyi","status":"publish","type":"product","link":"https:\/\/uj.adatbank.ro\/lexikon\/termek\/slomo-jicchaki-izsak-sanyi\/","title":{"rendered":"SLOMO Jicchaki, Izs\u00e1k Sanyi"},"content":{"rendered":"<p>? \u2020?: t\u00f6rt\u00e9n\u00e9sz. \u2013 Mv.-i sz\u00e1rmaz\u00e1s\u00fa, izraeli t\u00f6rt\u00e9n\u00e9sz (1900-as \u00e9vek k\u00f6zepe). <br \/><strong>Irod.:<\/strong> Mv. zsid\u00f3s\u00e1ga.<\/br><\/p>\n","protected":false},"excerpt":{"rendered":"<p>? \u2020?: t\u00f6rt\u00e9n\u00e9sz. \u2013 Mv.-i sz\u00e1rmaz\u00e1s\u00fa, izraeli t\u00f6rt\u00e9n\u00e9sz (1900-as \u00e9vek k\u00f6zepe). Irod.: Mv. zsid\u00f3s\u00e1ga.<\/p>\n","protected":false},"featured_media":0,"comment_status":"open","ping_status":"closed","template":"","meta":[],"product_brand":[],"product_cat":[137],"product_tag":[],"class_list":{"0":"post-20555","1":"product","2":"type-product","3":"status-publish","5":"product_cat-maros-megyei-eletrajzi-lexikon","7":"first","8":"instock","9":"shipping-taxable","10":"product-type-simple"},"_links":{"self":[{"href":"https:\/\/uj.adatbank.ro\/lexikon\/wp-json\/wp\/v2\/product\/20555","targetHints":{"allow":["GET"]}}],"collection":[{"href":"https:\/\/uj.adatbank.ro\/lexikon\/wp-json\/wp\/v2\/product"}],"about":[{"href":"https:\/\/uj.adatbank.ro\/lexikon\/wp-json\/wp\/v2\/types\/product"}],"replies":[{"embeddable":true,"href":"https:\/\/uj.adatbank.ro\/lexikon\/wp-json\/wp\/v2\/comments?post=20555"}],"wp:attachment":[{"href":"https:\/\/uj.adatbank.ro\/lexikon\/wp-json\/wp\/v2\/media?parent=20555"}],"wp:term":[{"taxonomy":"product_brand","embeddable":true,"href":"https:\/\/uj.adatbank.ro\/lexikon\/wp-json\/wp\/v2\/product_brand?post=20555"},{"taxonomy":"product_cat","embeddable":true,"href":"https:\/\/uj.adatbank.ro\/lexikon\/wp-json\/wp\/v2\/product_cat?post=20555"},{"taxonomy":"product_tag","embeddable":true,"href":"https:\/\/uj.adatbank.ro\/lexikon\/wp-json\/wp\/v2\/product_tag?post=20555"}],"curies":[{"name":"wp","href":"https:\/\/api.w.org\/{rel}","templated":true}]}}