{"id":20556,"date":"2025-07-22T18:53:10","date_gmt":"2025-07-22T16:53:10","guid":{"rendered":"https:\/\/uj.adatbank.ro\/lexikon\/termek\/smilovits-jakab-schmilovits-jakab\/"},"modified":"2025-07-22T18:53:10","modified_gmt":"2025-07-22T16:53:10","slug":"smilovits-jakab-schmilovits-jakab","status":"publish","type":"product","link":"https:\/\/uj.adatbank.ro\/lexikon\/termek\/smilovits-jakab-schmilovits-jakab\/","title":{"rendered":"SMILOVITS Jakab; Schmilovits Jakab"},"content":{"rendered":"<p>? \u2020?: v\u00e1llalkoz\u00f3, kamarai titk\u00e1r. \u2013 A Gy\u00e1riparosok \u00e9s Munkaad\u00f3k Sz\u00f6vets\u00e9ge aleln\u00f6ke volt (1929) Mv.-en. Smilovits-f\u00e9le Faipari Rt.: Alap\u00edt\u00e1si \u00e9v Mv. (1920) tulajdonosok: S. Z\u00e9lig, S. Jakab, S. Hermann \u00e9s Sztrul M\u00f3r. Gy\u00e1rtelepe Corbun (Kolozs) volt. Fatermel\u00e9ssel, feldolgoz\u00e1ssal \u00e9s forgalmaz\u00e1ssal foglalkozott. A gy\u00e1rat Sztrul M\u00f3r \u00e9s S. Hermann vezett\u00e9k, az adminisztr\u00e1ci\u00f3t S. Jakab v\u00e9gezte. Tagja volt a Marosv\u00e1s\u00e1rhelyi Taskar\u00e9kp\u00e9nzt\u00e1r igazgat\u00f3tan\u00e1cs\u00e1nak (1924). A Kereskedelmi \u00e9s Iparkamara titk\u00e1ra (1926), az MSE eln\u00f6ke (1919. m\u00e1j. 4.\u2013), dr. Ugron G\u00e1bor ut\u00f3da. <br \/><strong>Irod.:<\/strong> EBKL, Id\u0151t\u00e1r 3; Illy\u00e9s; Mv.-i labdar\u00fag\u00e1s; Pan\u0103.<\/br><\/p>\n","protected":false},"excerpt":{"rendered":"<p>? \u2020?: v\u00e1llalkoz\u00f3, kamarai titk\u00e1r. \u2013 A Gy\u00e1riparosok \u00e9s Munkaad\u00f3k Sz\u00f6vets\u00e9ge aleln\u00f6ke volt (1929) Mv.-en. Smilovits-f\u00e9le Faipari Rt.: Alap\u00edt\u00e1si \u00e9v Mv. (1920) tulajdonosok: S. Z\u00e9lig, S. Jakab, S. Hermann \u00e9s Sztrul M\u00f3r. Gy\u00e1rtelepe Corbun (Kolozs) volt. Fatermel\u00e9ssel, feldolgoz\u00e1ssal \u00e9s forgalmaz\u00e1ssal foglalkozott. A gy\u00e1rat Sztrul M\u00f3r \u00e9s S. Hermann vezett\u00e9k, az adminisztr\u00e1ci\u00f3t S. Jakab v\u00e9gezte. Tagja [&hellip;]<\/p>\n","protected":false},"featured_media":0,"comment_status":"open","ping_status":"closed","template":"","meta":[],"product_brand":[],"product_cat":[137],"product_tag":[],"class_list":{"0":"post-20556","1":"product","2":"type-product","3":"status-publish","5":"product_cat-maros-megyei-eletrajzi-lexikon","7":"first","8":"instock","9":"shipping-taxable","10":"product-type-simple"},"_links":{"self":[{"href":"https:\/\/uj.adatbank.ro\/lexikon\/wp-json\/wp\/v2\/product\/20556","targetHints":{"allow":["GET"]}}],"collection":[{"href":"https:\/\/uj.adatbank.ro\/lexikon\/wp-json\/wp\/v2\/product"}],"about":[{"href":"https:\/\/uj.adatbank.ro\/lexikon\/wp-json\/wp\/v2\/types\/product"}],"replies":[{"embeddable":true,"href":"https:\/\/uj.adatbank.ro\/lexikon\/wp-json\/wp\/v2\/comments?post=20556"}],"wp:attachment":[{"href":"https:\/\/uj.adatbank.ro\/lexikon\/wp-json\/wp\/v2\/media?parent=20556"}],"wp:term":[{"taxonomy":"product_brand","embeddable":true,"href":"https:\/\/uj.adatbank.ro\/lexikon\/wp-json\/wp\/v2\/product_brand?post=20556"},{"taxonomy":"product_cat","embeddable":true,"href":"https:\/\/uj.adatbank.ro\/lexikon\/wp-json\/wp\/v2\/product_cat?post=20556"},{"taxonomy":"product_tag","embeddable":true,"href":"https:\/\/uj.adatbank.ro\/lexikon\/wp-json\/wp\/v2\/product_tag?post=20556"}],"curies":[{"name":"wp","href":"https:\/\/api.w.org\/{rel}","templated":true}]}}