{"id":20559,"date":"2025-07-22T18:53:17","date_gmt":"2025-07-22T16:53:17","guid":{"rendered":"https:\/\/uj.adatbank.ro\/lexikon\/termek\/so-istvan\/"},"modified":"2025-07-22T18:53:17","modified_gmt":"2025-07-22T16:53:17","slug":"so-istvan","status":"publish","type":"product","link":"https:\/\/uj.adatbank.ro\/lexikon\/termek\/so-istvan\/","title":{"rendered":"S\u00d3 Istv\u00e1n"},"content":{"rendered":"<p>? \u2020?: k\u00f6szv\u00e9nyesremetei veres drabant \u2013 Bethlen G\u00e1bor Magyarorsz\u00e1gban val\u00f3 menetelekor V\u00e1radon hagyta Katharina asszony feles\u00e9g\u00e9t, a fejedelemasszony S\u00f3 Istv\u00e1n sz\u00e1zad\u00e1nak egy-egy veres ment\u00e9nek val\u00f3 poszt\u00f3t adatott (1670). <br \/><strong>Irod.:<\/strong> SzOkl, 6.<\/br><\/p>\n","protected":false},"excerpt":{"rendered":"<p>? \u2020?: k\u00f6szv\u00e9nyesremetei veres drabant \u2013 Bethlen G\u00e1bor Magyarorsz\u00e1gban val\u00f3 menetelekor V\u00e1radon hagyta Katharina asszony feles\u00e9g\u00e9t, a fejedelemasszony S\u00f3 Istv\u00e1n sz\u00e1zad\u00e1nak egy-egy veres ment\u00e9nek val\u00f3 poszt\u00f3t adatott (1670). Irod.: SzOkl, 6.<\/p>\n","protected":false},"featured_media":0,"comment_status":"open","ping_status":"closed","template":"","meta":[],"product_brand":[],"product_cat":[137],"product_tag":[],"class_list":{"0":"post-20559","1":"product","2":"type-product","3":"status-publish","5":"product_cat-maros-megyei-eletrajzi-lexikon","7":"first","8":"instock","9":"shipping-taxable","10":"product-type-simple"},"_links":{"self":[{"href":"https:\/\/uj.adatbank.ro\/lexikon\/wp-json\/wp\/v2\/product\/20559","targetHints":{"allow":["GET"]}}],"collection":[{"href":"https:\/\/uj.adatbank.ro\/lexikon\/wp-json\/wp\/v2\/product"}],"about":[{"href":"https:\/\/uj.adatbank.ro\/lexikon\/wp-json\/wp\/v2\/types\/product"}],"replies":[{"embeddable":true,"href":"https:\/\/uj.adatbank.ro\/lexikon\/wp-json\/wp\/v2\/comments?post=20559"}],"wp:attachment":[{"href":"https:\/\/uj.adatbank.ro\/lexikon\/wp-json\/wp\/v2\/media?parent=20559"}],"wp:term":[{"taxonomy":"product_brand","embeddable":true,"href":"https:\/\/uj.adatbank.ro\/lexikon\/wp-json\/wp\/v2\/product_brand?post=20559"},{"taxonomy":"product_cat","embeddable":true,"href":"https:\/\/uj.adatbank.ro\/lexikon\/wp-json\/wp\/v2\/product_cat?post=20559"},{"taxonomy":"product_tag","embeddable":true,"href":"https:\/\/uj.adatbank.ro\/lexikon\/wp-json\/wp\/v2\/product_tag?post=20559"}],"curies":[{"name":"wp","href":"https:\/\/api.w.org\/{rel}","templated":true}]}}