{"id":2056,"date":"2025-06-28T12:02:30","date_gmt":"2025-06-28T10:02:30","guid":{"rendered":"https:\/\/uj.adatbank.ro\/lexikon\/termek\/balogh-endre\/"},"modified":"2025-06-28T12:02:30","modified_gmt":"2025-06-28T10:02:30","slug":"balogh-endre","status":"publish","type":"product","link":"https:\/\/uj.adatbank.ro\/lexikon\/termek\/balogh-endre\/","title":{"rendered":"BALOGH Endre"},"content":{"rendered":"<p>1881., \u2020\u00a01925 : \u00edr\u00f3, \u00fcgyv\u00e9d. \u2013 Jogot v\u00e9gzett. Mv.-en \u00fcgyv\u00e9d. \u00cdr\u00e1sait k\u00f6z\u00f6lte a Napkelet, Zord Id\u0151, Keleti \u00dajs\u00e1g, P\u00e1sztort\u0171z. T\u00e1rc\u00e1i megjelentek az Ellenz\u00e9k, a bp.-i Napkelet oldalain. K\u00f6tetei a Haj\u00f3t\u00f6r\u00fcttek (1922) \u00e9s posztumusz jelent meg a Mes\u00e9t \u00edrok neked c. <br \/><strong>Irod.:<\/strong> Zord Id\u0151 Antol\u00f3gia<\/br><\/p>\n","protected":false},"excerpt":{"rendered":"<p>1881., \u2020\u00a01925 : \u00edr\u00f3, \u00fcgyv\u00e9d. \u2013 Jogot v\u00e9gzett. Mv.-en \u00fcgyv\u00e9d. \u00cdr\u00e1sait k\u00f6z\u00f6lte a Napkelet, Zord Id\u0151, Keleti \u00dajs\u00e1g, P\u00e1sztort\u0171z. T\u00e1rc\u00e1i megjelentek az Ellenz\u00e9k, a bp.-i Napkelet oldalain. K\u00f6tetei a Haj\u00f3t\u00f6r\u00fcttek (1922) \u00e9s posztumusz jelent meg a Mes\u00e9t \u00edrok neked c. Irod.: Zord Id\u0151 Antol\u00f3gia<\/p>\n","protected":false},"featured_media":0,"comment_status":"open","ping_status":"closed","template":"","meta":[],"product_brand":[],"product_cat":[137],"product_tag":[],"class_list":{"0":"post-2056","1":"product","2":"type-product","3":"status-publish","5":"product_cat-maros-megyei-eletrajzi-lexikon","7":"first","8":"instock","9":"shipping-taxable","10":"product-type-simple"},"_links":{"self":[{"href":"https:\/\/uj.adatbank.ro\/lexikon\/wp-json\/wp\/v2\/product\/2056","targetHints":{"allow":["GET"]}}],"collection":[{"href":"https:\/\/uj.adatbank.ro\/lexikon\/wp-json\/wp\/v2\/product"}],"about":[{"href":"https:\/\/uj.adatbank.ro\/lexikon\/wp-json\/wp\/v2\/types\/product"}],"replies":[{"embeddable":true,"href":"https:\/\/uj.adatbank.ro\/lexikon\/wp-json\/wp\/v2\/comments?post=2056"}],"wp:attachment":[{"href":"https:\/\/uj.adatbank.ro\/lexikon\/wp-json\/wp\/v2\/media?parent=2056"}],"wp:term":[{"taxonomy":"product_brand","embeddable":true,"href":"https:\/\/uj.adatbank.ro\/lexikon\/wp-json\/wp\/v2\/product_brand?post=2056"},{"taxonomy":"product_cat","embeddable":true,"href":"https:\/\/uj.adatbank.ro\/lexikon\/wp-json\/wp\/v2\/product_cat?post=2056"},{"taxonomy":"product_tag","embeddable":true,"href":"https:\/\/uj.adatbank.ro\/lexikon\/wp-json\/wp\/v2\/product_tag?post=2056"}],"curies":[{"name":"wp","href":"https:\/\/api.w.org\/{rel}","templated":true}]}}