{"id":20563,"date":"2025-07-22T18:53:25","date_gmt":"2025-07-22T16:53:25","guid":{"rendered":"https:\/\/uj.adatbank.ro\/lexikon\/termek\/socaciu-aurelia\/"},"modified":"2025-07-22T18:53:25","modified_gmt":"2025-07-22T16:53:25","slug":"socaciu-aurelia","status":"publish","type":"product","link":"https:\/\/uj.adatbank.ro\/lexikon\/termek\/socaciu-aurelia\/","title":{"rendered":"SOCACIU, Aurelia"},"content":{"rendered":"<p>Erd\u0151szentgy\u00f6rgy, 1903. j\u00fal. 1., \u2020 Bal\u00e1zsfalva, 1992. m\u00e1j. 19.: tan\u00e1r. \u2013 Elemi iskol\u00e1t Cikm\u00e1ntoron, k\u00f6z\u00e9piskol\u00e1t Segesv\u00e1ron, Dics\u0151szentm\u00e1rtonban \u00e9s v\u00e9g\u00fcl Bal\u00e1zsfalv\u00e1n v\u00e9gezte (1922), a kv.-i egyetemen kapott f\u00f6ldrajz-term\u00e9szetrajz szakos tan\u00e1ri diplom\u00e1t (1928). Bal\u00e1zsfalv\u00e1n a tan\u00edt\u00f3k\u00e9pz\u0151ben tan\u00edtott \u00e9s volt iskolaigazgat\u00f3, majd az elm\u00e9leti le\u00e1nyl\u00edceumban nyugd\u00edjaz\u00e1s\u00e1ig (1955). <br \/><strong>Irod.:<\/strong> Com\u015fa \u2013 Seiceanu; Todea 2013.<\/br><\/p>\n","protected":false},"excerpt":{"rendered":"<p>Erd\u0151szentgy\u00f6rgy, 1903. j\u00fal. 1., \u2020 Bal\u00e1zsfalva, 1992. m\u00e1j. 19.: tan\u00e1r. \u2013 Elemi iskol\u00e1t Cikm\u00e1ntoron, k\u00f6z\u00e9piskol\u00e1t Segesv\u00e1ron, Dics\u0151szentm\u00e1rtonban \u00e9s v\u00e9g\u00fcl Bal\u00e1zsfalv\u00e1n v\u00e9gezte (1922), a kv.-i egyetemen kapott f\u00f6ldrajz-term\u00e9szetrajz szakos tan\u00e1ri diplom\u00e1t (1928). Bal\u00e1zsfalv\u00e1n a tan\u00edt\u00f3k\u00e9pz\u0151ben tan\u00edtott \u00e9s volt iskolaigazgat\u00f3, majd az elm\u00e9leti le\u00e1nyl\u00edceumban nyugd\u00edjaz\u00e1s\u00e1ig (1955). Irod.: Com\u015fa \u2013 Seiceanu; Todea 2013.<\/p>\n","protected":false},"featured_media":0,"comment_status":"open","ping_status":"closed","template":"","meta":[],"product_brand":[],"product_cat":[137],"product_tag":[],"class_list":{"0":"post-20563","1":"product","2":"type-product","3":"status-publish","5":"product_cat-maros-megyei-eletrajzi-lexikon","7":"first","8":"instock","9":"shipping-taxable","10":"product-type-simple"},"_links":{"self":[{"href":"https:\/\/uj.adatbank.ro\/lexikon\/wp-json\/wp\/v2\/product\/20563","targetHints":{"allow":["GET"]}}],"collection":[{"href":"https:\/\/uj.adatbank.ro\/lexikon\/wp-json\/wp\/v2\/product"}],"about":[{"href":"https:\/\/uj.adatbank.ro\/lexikon\/wp-json\/wp\/v2\/types\/product"}],"replies":[{"embeddable":true,"href":"https:\/\/uj.adatbank.ro\/lexikon\/wp-json\/wp\/v2\/comments?post=20563"}],"wp:attachment":[{"href":"https:\/\/uj.adatbank.ro\/lexikon\/wp-json\/wp\/v2\/media?parent=20563"}],"wp:term":[{"taxonomy":"product_brand","embeddable":true,"href":"https:\/\/uj.adatbank.ro\/lexikon\/wp-json\/wp\/v2\/product_brand?post=20563"},{"taxonomy":"product_cat","embeddable":true,"href":"https:\/\/uj.adatbank.ro\/lexikon\/wp-json\/wp\/v2\/product_cat?post=20563"},{"taxonomy":"product_tag","embeddable":true,"href":"https:\/\/uj.adatbank.ro\/lexikon\/wp-json\/wp\/v2\/product_tag?post=20563"}],"curies":[{"name":"wp","href":"https:\/\/api.w.org\/{rel}","templated":true}]}}