{"id":20564,"date":"2025-07-22T18:53:27","date_gmt":"2025-07-22T16:53:27","guid":{"rendered":"https:\/\/uj.adatbank.ro\/lexikon\/termek\/socaciu-george\/"},"modified":"2025-07-22T18:53:27","modified_gmt":"2025-07-22T16:53:27","slug":"socaciu-george","status":"publish","type":"product","link":"https:\/\/uj.adatbank.ro\/lexikon\/termek\/socaciu-george\/","title":{"rendered":"SOCACIU, George"},"content":{"rendered":"<p>? \u2020 1827.: g\u00f6r\u00f6g kat. pap. \u2013 Mv.-en tanult, majd a teol\u00f3giai tanulm\u00e1nyokat B\u00e9csben folytatott. Bal\u00e1zsfalv\u00e1ra t\u00e9rt vissza, ahol filoz\u00f3fi\u00e1t tan\u00edtott a l\u00edceumban (1823\u201325), Sz\u00e1szr\u00e9genbe k\u00fcldik, ahol pl\u00e9b\u00e1nos \u00e9s a g\u00f6rg\u00e9nyi esperesi k\u00f6r int\u00e9z\u0151je, gondnoka. <br \/><strong>Irod.:<\/strong> Com\u015fa; Com\u015fa \u2013 Seiceanu; Todea 2013.<\/br><\/p>\n","protected":false},"excerpt":{"rendered":"<p>? \u2020 1827.: g\u00f6r\u00f6g kat. pap. \u2013 Mv.-en tanult, majd a teol\u00f3giai tanulm\u00e1nyokat B\u00e9csben folytatott. Bal\u00e1zsfalv\u00e1ra t\u00e9rt vissza, ahol filoz\u00f3fi\u00e1t tan\u00edtott a l\u00edceumban (1823\u201325), Sz\u00e1szr\u00e9genbe k\u00fcldik, ahol pl\u00e9b\u00e1nos \u00e9s a g\u00f6rg\u00e9nyi esperesi k\u00f6r int\u00e9z\u0151je, gondnoka. Irod.: Com\u015fa; Com\u015fa \u2013 Seiceanu; Todea 2013.<\/p>\n","protected":false},"featured_media":0,"comment_status":"open","ping_status":"closed","template":"","meta":[],"product_brand":[],"product_cat":[137],"product_tag":[],"class_list":{"0":"post-20564","1":"product","2":"type-product","3":"status-publish","5":"product_cat-maros-megyei-eletrajzi-lexikon","7":"first","8":"instock","9":"shipping-taxable","10":"product-type-simple"},"_links":{"self":[{"href":"https:\/\/uj.adatbank.ro\/lexikon\/wp-json\/wp\/v2\/product\/20564","targetHints":{"allow":["GET"]}}],"collection":[{"href":"https:\/\/uj.adatbank.ro\/lexikon\/wp-json\/wp\/v2\/product"}],"about":[{"href":"https:\/\/uj.adatbank.ro\/lexikon\/wp-json\/wp\/v2\/types\/product"}],"replies":[{"embeddable":true,"href":"https:\/\/uj.adatbank.ro\/lexikon\/wp-json\/wp\/v2\/comments?post=20564"}],"wp:attachment":[{"href":"https:\/\/uj.adatbank.ro\/lexikon\/wp-json\/wp\/v2\/media?parent=20564"}],"wp:term":[{"taxonomy":"product_brand","embeddable":true,"href":"https:\/\/uj.adatbank.ro\/lexikon\/wp-json\/wp\/v2\/product_brand?post=20564"},{"taxonomy":"product_cat","embeddable":true,"href":"https:\/\/uj.adatbank.ro\/lexikon\/wp-json\/wp\/v2\/product_cat?post=20564"},{"taxonomy":"product_tag","embeddable":true,"href":"https:\/\/uj.adatbank.ro\/lexikon\/wp-json\/wp\/v2\/product_tag?post=20564"}],"curies":[{"name":"wp","href":"https:\/\/api.w.org\/{rel}","templated":true}]}}