{"id":20565,"date":"2025-07-22T18:53:29","date_gmt":"2025-07-22T16:53:29","guid":{"rendered":"https:\/\/uj.adatbank.ro\/lexikon\/termek\/socaciu-vasile\/"},"modified":"2025-07-22T18:53:29","modified_gmt":"2025-07-22T16:53:29","slug":"socaciu-vasile","status":"publish","type":"product","link":"https:\/\/uj.adatbank.ro\/lexikon\/termek\/socaciu-vasile\/","title":{"rendered":"SOCACIU, Vasile"},"content":{"rendered":"<p>? \u2020?: ortodox pap. \u2013 Bonyh\u00e1n volt lelk\u00e9sz (1815\u2013) 47 \u00e9vig megszak\u00edt\u00e1s n\u00e9lk\u00fcl. <br \/><strong>Irod.:<\/strong> Bonyha \u00e9s egyh\u00e1za.<\/br><\/p>\n","protected":false},"excerpt":{"rendered":"<p>? \u2020?: ortodox pap. \u2013 Bonyh\u00e1n volt lelk\u00e9sz (1815\u2013) 47 \u00e9vig megszak\u00edt\u00e1s n\u00e9lk\u00fcl. Irod.: Bonyha \u00e9s egyh\u00e1za.<\/p>\n","protected":false},"featured_media":0,"comment_status":"open","ping_status":"closed","template":"","meta":[],"product_brand":[],"product_cat":[137],"product_tag":[],"class_list":{"0":"post-20565","1":"product","2":"type-product","3":"status-publish","5":"product_cat-maros-megyei-eletrajzi-lexikon","7":"first","8":"instock","9":"shipping-taxable","10":"product-type-simple"},"_links":{"self":[{"href":"https:\/\/uj.adatbank.ro\/lexikon\/wp-json\/wp\/v2\/product\/20565","targetHints":{"allow":["GET"]}}],"collection":[{"href":"https:\/\/uj.adatbank.ro\/lexikon\/wp-json\/wp\/v2\/product"}],"about":[{"href":"https:\/\/uj.adatbank.ro\/lexikon\/wp-json\/wp\/v2\/types\/product"}],"replies":[{"embeddable":true,"href":"https:\/\/uj.adatbank.ro\/lexikon\/wp-json\/wp\/v2\/comments?post=20565"}],"wp:attachment":[{"href":"https:\/\/uj.adatbank.ro\/lexikon\/wp-json\/wp\/v2\/media?parent=20565"}],"wp:term":[{"taxonomy":"product_brand","embeddable":true,"href":"https:\/\/uj.adatbank.ro\/lexikon\/wp-json\/wp\/v2\/product_brand?post=20565"},{"taxonomy":"product_cat","embeddable":true,"href":"https:\/\/uj.adatbank.ro\/lexikon\/wp-json\/wp\/v2\/product_cat?post=20565"},{"taxonomy":"product_tag","embeddable":true,"href":"https:\/\/uj.adatbank.ro\/lexikon\/wp-json\/wp\/v2\/product_tag?post=20565"}],"curies":[{"name":"wp","href":"https:\/\/api.w.org\/{rel}","templated":true}]}}