{"id":20566,"date":"2025-07-22T18:53:30","date_gmt":"2025-07-22T16:53:30","guid":{"rendered":"https:\/\/uj.adatbank.ro\/lexikon\/termek\/socol-aurel\/"},"modified":"2025-07-22T18:53:30","modified_gmt":"2025-07-22T16:53:30","slug":"socol-aurel","status":"publish","type":"product","link":"https:\/\/uj.adatbank.ro\/lexikon\/termek\/socol-aurel\/","title":{"rendered":"SOCOL, Aurel"},"content":{"rendered":"<p>Mez\u0151b\u00e1nd, 1877. j\u00fal. 9., \u2020?: jog\u00e1sz. \u2013 Apja Iv\u00e1n. A pr\u00e1gai egyetem jogi kar\u00e1n tanult (1897; 1902\u201303), majd Kv.-on a FJTE (1903\u201308), jogi doktor\u00e1tust tett (1910. febr. 5.). <br \/><strong>Irod.:<\/strong> Sigmirean; Szab\u00f3\u2013Simon\u2013Sz\u00f6gi.<\/br><\/p>\n","protected":false},"excerpt":{"rendered":"<p>Mez\u0151b\u00e1nd, 1877. j\u00fal. 9., \u2020?: jog\u00e1sz. \u2013 Apja Iv\u00e1n. A pr\u00e1gai egyetem jogi kar\u00e1n tanult (1897; 1902\u201303), majd Kv.-on a FJTE (1903\u201308), jogi doktor\u00e1tust tett (1910. febr. 5.). Irod.: Sigmirean; Szab\u00f3\u2013Simon\u2013Sz\u00f6gi.<\/p>\n","protected":false},"featured_media":0,"comment_status":"open","ping_status":"closed","template":"","meta":[],"product_brand":[],"product_cat":[137],"product_tag":[],"class_list":{"0":"post-20566","1":"product","2":"type-product","3":"status-publish","5":"product_cat-maros-megyei-eletrajzi-lexikon","7":"first","8":"instock","9":"shipping-taxable","10":"product-type-simple"},"_links":{"self":[{"href":"https:\/\/uj.adatbank.ro\/lexikon\/wp-json\/wp\/v2\/product\/20566","targetHints":{"allow":["GET"]}}],"collection":[{"href":"https:\/\/uj.adatbank.ro\/lexikon\/wp-json\/wp\/v2\/product"}],"about":[{"href":"https:\/\/uj.adatbank.ro\/lexikon\/wp-json\/wp\/v2\/types\/product"}],"replies":[{"embeddable":true,"href":"https:\/\/uj.adatbank.ro\/lexikon\/wp-json\/wp\/v2\/comments?post=20566"}],"wp:attachment":[{"href":"https:\/\/uj.adatbank.ro\/lexikon\/wp-json\/wp\/v2\/media?parent=20566"}],"wp:term":[{"taxonomy":"product_brand","embeddable":true,"href":"https:\/\/uj.adatbank.ro\/lexikon\/wp-json\/wp\/v2\/product_brand?post=20566"},{"taxonomy":"product_cat","embeddable":true,"href":"https:\/\/uj.adatbank.ro\/lexikon\/wp-json\/wp\/v2\/product_cat?post=20566"},{"taxonomy":"product_tag","embeddable":true,"href":"https:\/\/uj.adatbank.ro\/lexikon\/wp-json\/wp\/v2\/product_tag?post=20566"}],"curies":[{"name":"wp","href":"https:\/\/api.w.org\/{rel}","templated":true}]}}