{"id":20567,"date":"2025-07-22T18:53:32","date_gmt":"2025-07-22T16:53:32","guid":{"rendered":"https:\/\/uj.adatbank.ro\/lexikon\/termek\/socol-basiliu\/"},"modified":"2025-07-22T18:53:32","modified_gmt":"2025-07-22T16:53:32","slug":"socol-basiliu","status":"publish","type":"product","link":"https:\/\/uj.adatbank.ro\/lexikon\/termek\/socol-basiliu\/","title":{"rendered":"SOCOL, Basiliu"},"content":{"rendered":"<p>Sz\u00e9kelyuraly? \u2020?: g. kat. pap. \u2013 Fia: S. Iosif. \u2013 Teol\u00f3gi\u00e1t Bal\u00e1zsfalv\u00e1n v\u00e9gzett, majd Sz\u00e9lk\u00fatba helyezt\u00e9k g. kat. papnak (1842\u2013). <br \/><strong>Irod.:<\/strong> S\u0103lcud.<\/br><\/p>\n","protected":false},"excerpt":{"rendered":"<p>Sz\u00e9kelyuraly? \u2020?: g. kat. pap. \u2013 Fia: S. Iosif. \u2013 Teol\u00f3gi\u00e1t Bal\u00e1zsfalv\u00e1n v\u00e9gzett, majd Sz\u00e9lk\u00fatba helyezt\u00e9k g. kat. papnak (1842\u2013). Irod.: S\u0103lcud.<\/p>\n","protected":false},"featured_media":0,"comment_status":"open","ping_status":"closed","template":"","meta":[],"product_brand":[],"product_cat":[137],"product_tag":[],"class_list":{"0":"post-20567","1":"product","2":"type-product","3":"status-publish","5":"product_cat-maros-megyei-eletrajzi-lexikon","7":"first","8":"instock","9":"shipping-taxable","10":"product-type-simple"},"_links":{"self":[{"href":"https:\/\/uj.adatbank.ro\/lexikon\/wp-json\/wp\/v2\/product\/20567","targetHints":{"allow":["GET"]}}],"collection":[{"href":"https:\/\/uj.adatbank.ro\/lexikon\/wp-json\/wp\/v2\/product"}],"about":[{"href":"https:\/\/uj.adatbank.ro\/lexikon\/wp-json\/wp\/v2\/types\/product"}],"replies":[{"embeddable":true,"href":"https:\/\/uj.adatbank.ro\/lexikon\/wp-json\/wp\/v2\/comments?post=20567"}],"wp:attachment":[{"href":"https:\/\/uj.adatbank.ro\/lexikon\/wp-json\/wp\/v2\/media?parent=20567"}],"wp:term":[{"taxonomy":"product_brand","embeddable":true,"href":"https:\/\/uj.adatbank.ro\/lexikon\/wp-json\/wp\/v2\/product_brand?post=20567"},{"taxonomy":"product_cat","embeddable":true,"href":"https:\/\/uj.adatbank.ro\/lexikon\/wp-json\/wp\/v2\/product_cat?post=20567"},{"taxonomy":"product_tag","embeddable":true,"href":"https:\/\/uj.adatbank.ro\/lexikon\/wp-json\/wp\/v2\/product_tag?post=20567"}],"curies":[{"name":"wp","href":"https:\/\/api.w.org\/{rel}","templated":true}]}}