{"id":20569,"date":"2025-07-22T18:53:35","date_gmt":"2025-07-22T16:53:35","guid":{"rendered":"https:\/\/uj.adatbank.ro\/lexikon\/termek\/socol-vasile\/"},"modified":"2025-07-22T18:53:35","modified_gmt":"2025-07-22T16:53:35","slug":"socol-vasile","status":"publish","type":"product","link":"https:\/\/uj.adatbank.ro\/lexikon\/termek\/socol-vasile\/","title":{"rendered":"SOCOL, Vasile"},"content":{"rendered":"<p>? \u2020?: g.kat. pap. \u2013 Sz\u00e9lk\u00fatban szolg\u00e1lt. Neve a Sematizmusban szerepel (1865\u2013). L\u00e9tezett r\u00e9gi g.kat. templom \u00e9s par\u00f3kia. 320 h\u00edvet szolg\u00e1lt. <br \/><strong>Irod.:<\/strong> S\u0103lcud.<\/br><\/p>\n","protected":false},"excerpt":{"rendered":"<p>? \u2020?: g.kat. pap. \u2013 Sz\u00e9lk\u00fatban szolg\u00e1lt. Neve a Sematizmusban szerepel (1865\u2013). L\u00e9tezett r\u00e9gi g.kat. templom \u00e9s par\u00f3kia. 320 h\u00edvet szolg\u00e1lt. Irod.: S\u0103lcud.<\/p>\n","protected":false},"featured_media":0,"comment_status":"open","ping_status":"closed","template":"","meta":[],"product_brand":[],"product_cat":[137],"product_tag":[],"class_list":{"0":"post-20569","1":"product","2":"type-product","3":"status-publish","5":"product_cat-maros-megyei-eletrajzi-lexikon","7":"first","8":"instock","9":"shipping-taxable","10":"product-type-simple"},"_links":{"self":[{"href":"https:\/\/uj.adatbank.ro\/lexikon\/wp-json\/wp\/v2\/product\/20569","targetHints":{"allow":["GET"]}}],"collection":[{"href":"https:\/\/uj.adatbank.ro\/lexikon\/wp-json\/wp\/v2\/product"}],"about":[{"href":"https:\/\/uj.adatbank.ro\/lexikon\/wp-json\/wp\/v2\/types\/product"}],"replies":[{"embeddable":true,"href":"https:\/\/uj.adatbank.ro\/lexikon\/wp-json\/wp\/v2\/comments?post=20569"}],"wp:attachment":[{"href":"https:\/\/uj.adatbank.ro\/lexikon\/wp-json\/wp\/v2\/media?parent=20569"}],"wp:term":[{"taxonomy":"product_brand","embeddable":true,"href":"https:\/\/uj.adatbank.ro\/lexikon\/wp-json\/wp\/v2\/product_brand?post=20569"},{"taxonomy":"product_cat","embeddable":true,"href":"https:\/\/uj.adatbank.ro\/lexikon\/wp-json\/wp\/v2\/product_cat?post=20569"},{"taxonomy":"product_tag","embeddable":true,"href":"https:\/\/uj.adatbank.ro\/lexikon\/wp-json\/wp\/v2\/product_tag?post=20569"}],"curies":[{"name":"wp","href":"https:\/\/api.w.org\/{rel}","templated":true}]}}