{"id":20570,"date":"2025-07-22T18:53:36","date_gmt":"2025-07-22T16:53:36","guid":{"rendered":"https:\/\/uj.adatbank.ro\/lexikon\/termek\/socoleanu-zaharie\/"},"modified":"2025-07-22T18:53:36","modified_gmt":"2025-07-22T16:53:36","slug":"socoleanu-zaharie","status":"publish","type":"product","link":"https:\/\/uj.adatbank.ro\/lexikon\/termek\/socoleanu-zaharie\/","title":{"rendered":"SOCOLEANU, Zaharie"},"content":{"rendered":"<p>Mez\u0151r\u00fccs, 1919. m\u00e1j. 4., \u2020 Mez\u0151kir\u00e1lyfalva, 1986. aug. 11.: tan\u00edt\u00f3. \u2013 Elemi iskol\u00e1ban R\u00fccs\u00f6n tanult, beiratkozott Bal\u00e1zsfalv\u00e1n a tan\u00edt\u00f3k\u00e9pz\u0151be, de f\u00e9lbehagyta (1940), a m. hadseregben katona lett. A h\u00e1bor\u00fa ut\u00e1n Mv.-en szerzett tan\u00edt\u00f3i oklevelet (1947). A k\u00f6vetkez\u0151 falvakban tan\u00edtott: Farag\u00f3, Mez\u0151\u00f6rm\u00e9nyes \u00e9s Mez\u0151kir\u00e1lyfalva, ahol \u00faj iskol\u00e1t \u00e9p\u00edttetett (1948\u201364). T\u00f6bb kit\u00fcntet\u00e9st kapott a mez\u0151gazdas\u00e1g kollektiviz\u00e1l\u00e1s\u00e1\u00e9rt (\u00cen cinstea \u00eencheierii colectiviz\u0103rii agriculturii) (1962), A K\u00f6zt\u00e1rsas\u00e1g kiki\u00e1lt\u00e1s\u00e1nak 25. \u00e9vfordul\u00f3j\u00e1n (25 de ani de la proclamarea Republicii) (1972), Mez\u0151kir\u00e1lyfalva post mortem d\u00edszpolg\u00e1r\u00e1v\u00e1 avatta. <br \/><strong>Irod.:<\/strong> Dasc\u0103li mure\u015feni, 1.<\/br><\/p>\n","protected":false},"excerpt":{"rendered":"<p>Mez\u0151r\u00fccs, 1919. m\u00e1j. 4., \u2020 Mez\u0151kir\u00e1lyfalva, 1986. aug. 11.: tan\u00edt\u00f3. \u2013 Elemi iskol\u00e1ban R\u00fccs\u00f6n tanult, beiratkozott Bal\u00e1zsfalv\u00e1n a tan\u00edt\u00f3k\u00e9pz\u0151be, de f\u00e9lbehagyta (1940), a m. hadseregben katona lett. A h\u00e1bor\u00fa ut\u00e1n Mv.-en szerzett tan\u00edt\u00f3i oklevelet (1947). A k\u00f6vetkez\u0151 falvakban tan\u00edtott: Farag\u00f3, Mez\u0151\u00f6rm\u00e9nyes \u00e9s Mez\u0151kir\u00e1lyfalva, ahol \u00faj iskol\u00e1t \u00e9p\u00edttetett (1948\u201364). T\u00f6bb kit\u00fcntet\u00e9st kapott a mez\u0151gazdas\u00e1g kollektiviz\u00e1l\u00e1s\u00e1\u00e9rt (\u00cen [&hellip;]<\/p>\n","protected":false},"featured_media":0,"comment_status":"open","ping_status":"closed","template":"","meta":[],"product_brand":[],"product_cat":[137],"product_tag":[],"class_list":{"0":"post-20570","1":"product","2":"type-product","3":"status-publish","5":"product_cat-maros-megyei-eletrajzi-lexikon","7":"first","8":"instock","9":"shipping-taxable","10":"product-type-simple"},"_links":{"self":[{"href":"https:\/\/uj.adatbank.ro\/lexikon\/wp-json\/wp\/v2\/product\/20570","targetHints":{"allow":["GET"]}}],"collection":[{"href":"https:\/\/uj.adatbank.ro\/lexikon\/wp-json\/wp\/v2\/product"}],"about":[{"href":"https:\/\/uj.adatbank.ro\/lexikon\/wp-json\/wp\/v2\/types\/product"}],"replies":[{"embeddable":true,"href":"https:\/\/uj.adatbank.ro\/lexikon\/wp-json\/wp\/v2\/comments?post=20570"}],"wp:attachment":[{"href":"https:\/\/uj.adatbank.ro\/lexikon\/wp-json\/wp\/v2\/media?parent=20570"}],"wp:term":[{"taxonomy":"product_brand","embeddable":true,"href":"https:\/\/uj.adatbank.ro\/lexikon\/wp-json\/wp\/v2\/product_brand?post=20570"},{"taxonomy":"product_cat","embeddable":true,"href":"https:\/\/uj.adatbank.ro\/lexikon\/wp-json\/wp\/v2\/product_cat?post=20570"},{"taxonomy":"product_tag","embeddable":true,"href":"https:\/\/uj.adatbank.ro\/lexikon\/wp-json\/wp\/v2\/product_tag?post=20570"}],"curies":[{"name":"wp","href":"https:\/\/api.w.org\/{rel}","templated":true}]}}