{"id":20572,"date":"2025-07-22T18:53:42","date_gmt":"2025-07-22T16:53:42","guid":{"rendered":"https:\/\/uj.adatbank.ro\/lexikon\/termek\/sofalvi-etedi-csalad\/"},"modified":"2025-07-22T18:53:42","modified_gmt":"2025-07-22T16:53:42","slug":"sofalvi-etedi-csalad","status":"publish","type":"product","link":"https:\/\/uj.adatbank.ro\/lexikon\/termek\/sofalvi-etedi-csalad\/","title":{"rendered":"S\u00d3FALVI, et\u00e9di csal\u00e1d"},"content":{"rendered":"<p>Erd\u00e9lyben honos. D\u00e1niel Kolozs megye seb\u00e9sze (1837-ben), J\u00f3zsef \u00e9s S\u00e1muel Bels\u0151 Szolnok megy\u00e9ben laktak, L\u00e1szl\u00f3 \u00fcgyv\u00e9d Kraszna megy\u00e9ben; J\u00f3zsef m\u00e9rn\u00f6k Maros-sz\u00e9kben, m\u00e1sik J\u00f3zsef irnok ugyan ott, J\u00e1nos orsz\u00e1gos f\u0151 sz\u00e1mvev\u0151s\u00e9gi tiszt, (mind 1848. k\u00f6r\u00fcl). <br \/><strong>Irod.:<\/strong> Nagy Iv\u00e1n.<\/br><\/p>\n","protected":false},"excerpt":{"rendered":"<p>Erd\u00e9lyben honos. D\u00e1niel Kolozs megye seb\u00e9sze (1837-ben), J\u00f3zsef \u00e9s S\u00e1muel Bels\u0151 Szolnok megy\u00e9ben laktak, L\u00e1szl\u00f3 \u00fcgyv\u00e9d Kraszna megy\u00e9ben; J\u00f3zsef m\u00e9rn\u00f6k Maros-sz\u00e9kben, m\u00e1sik J\u00f3zsef irnok ugyan ott, J\u00e1nos orsz\u00e1gos f\u0151 sz\u00e1mvev\u0151s\u00e9gi tiszt, (mind 1848. k\u00f6r\u00fcl). Irod.: Nagy Iv\u00e1n.<\/p>\n","protected":false},"featured_media":0,"comment_status":"open","ping_status":"closed","template":"","meta":[],"product_brand":[],"product_cat":[137],"product_tag":[],"class_list":{"0":"post-20572","1":"product","2":"type-product","3":"status-publish","5":"product_cat-maros-megyei-eletrajzi-lexikon","7":"first","8":"instock","9":"shipping-taxable","10":"product-type-simple"},"_links":{"self":[{"href":"https:\/\/uj.adatbank.ro\/lexikon\/wp-json\/wp\/v2\/product\/20572","targetHints":{"allow":["GET"]}}],"collection":[{"href":"https:\/\/uj.adatbank.ro\/lexikon\/wp-json\/wp\/v2\/product"}],"about":[{"href":"https:\/\/uj.adatbank.ro\/lexikon\/wp-json\/wp\/v2\/types\/product"}],"replies":[{"embeddable":true,"href":"https:\/\/uj.adatbank.ro\/lexikon\/wp-json\/wp\/v2\/comments?post=20572"}],"wp:attachment":[{"href":"https:\/\/uj.adatbank.ro\/lexikon\/wp-json\/wp\/v2\/media?parent=20572"}],"wp:term":[{"taxonomy":"product_brand","embeddable":true,"href":"https:\/\/uj.adatbank.ro\/lexikon\/wp-json\/wp\/v2\/product_brand?post=20572"},{"taxonomy":"product_cat","embeddable":true,"href":"https:\/\/uj.adatbank.ro\/lexikon\/wp-json\/wp\/v2\/product_cat?post=20572"},{"taxonomy":"product_tag","embeddable":true,"href":"https:\/\/uj.adatbank.ro\/lexikon\/wp-json\/wp\/v2\/product_tag?post=20572"}],"curies":[{"name":"wp","href":"https:\/\/api.w.org\/{rel}","templated":true}]}}