{"id":20575,"date":"2025-07-22T18:53:50","date_gmt":"2025-07-22T16:53:50","guid":{"rendered":"https:\/\/uj.adatbank.ro\/lexikon\/termek\/sofalvi-illyes-istvan\/"},"modified":"2025-07-22T18:53:50","modified_gmt":"2025-07-22T16:53:50","slug":"sofalvi-illyes-istvan","status":"publish","type":"product","link":"https:\/\/uj.adatbank.ro\/lexikon\/termek\/sofalvi-illyes-istvan\/","title":{"rendered":"S\u00d3FALVI ILLY\u00c9S Istv\u00e1n"},"content":{"rendered":"<p>? \u2020?: ? \u2013 Mv.-en az els\u0151 T\u0171zk\u00e1rment\u0151 T\u00e1rsas\u00e1g m\u00e1sodik vezet\u0151je (1869\u201385). Kidolgozta a T\u00e1rsas\u00e1g korszer\u0171 szab\u00e1lyzat\u00e1t (1868). M\u0171k\u00f6d\u00e9se alatt n\u00e9pszer\u0171v\u00e9 tette az egyes\u00fcletet, tetemes tartal\u00e9kalapot gy\u0171jt\u00f6tt \u00e9s felemelte a biztos\u00edt\u00e1si alapot. T\u00e1voz\u00e1sa ut\u00e1n az \u0151t illet\u0151 jutal\u00e9kokat a tartal\u00e9kalapnak hagyta. <br \/><strong>Irod.:<\/strong> Barab\u00e1s Endre.<\/br><\/p>\n","protected":false},"excerpt":{"rendered":"<p>? \u2020?: ? \u2013 Mv.-en az els\u0151 T\u0171zk\u00e1rment\u0151 T\u00e1rsas\u00e1g m\u00e1sodik vezet\u0151je (1869\u201385). Kidolgozta a T\u00e1rsas\u00e1g korszer\u0171 szab\u00e1lyzat\u00e1t (1868). M\u0171k\u00f6d\u00e9se alatt n\u00e9pszer\u0171v\u00e9 tette az egyes\u00fcletet, tetemes tartal\u00e9kalapot gy\u0171jt\u00f6tt \u00e9s felemelte a biztos\u00edt\u00e1si alapot. T\u00e1voz\u00e1sa ut\u00e1n az \u0151t illet\u0151 jutal\u00e9kokat a tartal\u00e9kalapnak hagyta. Irod.: Barab\u00e1s Endre.<\/p>\n","protected":false},"featured_media":0,"comment_status":"open","ping_status":"closed","template":"","meta":[],"product_brand":[],"product_cat":[137],"product_tag":[],"class_list":{"0":"post-20575","1":"product","2":"type-product","3":"status-publish","5":"product_cat-maros-megyei-eletrajzi-lexikon","7":"first","8":"instock","9":"shipping-taxable","10":"product-type-simple"},"_links":{"self":[{"href":"https:\/\/uj.adatbank.ro\/lexikon\/wp-json\/wp\/v2\/product\/20575","targetHints":{"allow":["GET"]}}],"collection":[{"href":"https:\/\/uj.adatbank.ro\/lexikon\/wp-json\/wp\/v2\/product"}],"about":[{"href":"https:\/\/uj.adatbank.ro\/lexikon\/wp-json\/wp\/v2\/types\/product"}],"replies":[{"embeddable":true,"href":"https:\/\/uj.adatbank.ro\/lexikon\/wp-json\/wp\/v2\/comments?post=20575"}],"wp:attachment":[{"href":"https:\/\/uj.adatbank.ro\/lexikon\/wp-json\/wp\/v2\/media?parent=20575"}],"wp:term":[{"taxonomy":"product_brand","embeddable":true,"href":"https:\/\/uj.adatbank.ro\/lexikon\/wp-json\/wp\/v2\/product_brand?post=20575"},{"taxonomy":"product_cat","embeddable":true,"href":"https:\/\/uj.adatbank.ro\/lexikon\/wp-json\/wp\/v2\/product_cat?post=20575"},{"taxonomy":"product_tag","embeddable":true,"href":"https:\/\/uj.adatbank.ro\/lexikon\/wp-json\/wp\/v2\/product_tag?post=20575"}],"curies":[{"name":"wp","href":"https:\/\/api.w.org\/{rel}","templated":true}]}}