{"id":20579,"date":"2025-07-22T18:54:00","date_gmt":"2025-07-22T16:54:00","guid":{"rendered":"https:\/\/uj.adatbank.ro\/lexikon\/termek\/sofalvi-janos-2\/"},"modified":"2025-07-22T18:54:00","modified_gmt":"2025-07-22T16:54:00","slug":"sofalvi-janos-2","status":"publish","type":"product","link":"https:\/\/uj.adatbank.ro\/lexikon\/termek\/sofalvi-janos-2\/","title":{"rendered":"S\u00d3FALVI J\u00e1nos"},"content":{"rendered":"<p>1712?, \u2020\u00a0Gernyeszeg, 1807. nov. 19.: ref. lelk\u00e9sz. \u2013 Kv.-on subscrib\u00e1lt (1770. k.), senior (1778). A s\u00e1rdi zsinaton ordin\u00e1lt\u00e1k (1783). V\u00e1lasz\u00faton (1783\u201384) volt lelk\u00e9sz, majd Gernyeszegen (1785\u20131807), a g\u00f6rg\u00e9nyi ref. egyh\u00e1zmegyei jegyz\u0151 (1797\u20131807. nov. 17.) 95 \u00e9ves amikor meghalt. <br \/><strong>Irod.:<\/strong> B\u00f6jthe Andor; \u0150sz.<\/br><\/p>\n","protected":false},"excerpt":{"rendered":"<p>1712?, \u2020\u00a0Gernyeszeg, 1807. nov. 19.: ref. lelk\u00e9sz. \u2013 Kv.-on subscrib\u00e1lt (1770. k.), senior (1778). A s\u00e1rdi zsinaton ordin\u00e1lt\u00e1k (1783). V\u00e1lasz\u00faton (1783\u201384) volt lelk\u00e9sz, majd Gernyeszegen (1785\u20131807), a g\u00f6rg\u00e9nyi ref. egyh\u00e1zmegyei jegyz\u0151 (1797\u20131807. nov. 17.) 95 \u00e9ves amikor meghalt. Irod.: B\u00f6jthe Andor; \u0150sz.<\/p>\n","protected":false},"featured_media":0,"comment_status":"open","ping_status":"closed","template":"","meta":[],"product_brand":[],"product_cat":[137],"product_tag":[],"class_list":{"0":"post-20579","1":"product","2":"type-product","3":"status-publish","5":"product_cat-maros-megyei-eletrajzi-lexikon","7":"first","8":"instock","9":"shipping-taxable","10":"product-type-simple"},"_links":{"self":[{"href":"https:\/\/uj.adatbank.ro\/lexikon\/wp-json\/wp\/v2\/product\/20579","targetHints":{"allow":["GET"]}}],"collection":[{"href":"https:\/\/uj.adatbank.ro\/lexikon\/wp-json\/wp\/v2\/product"}],"about":[{"href":"https:\/\/uj.adatbank.ro\/lexikon\/wp-json\/wp\/v2\/types\/product"}],"replies":[{"embeddable":true,"href":"https:\/\/uj.adatbank.ro\/lexikon\/wp-json\/wp\/v2\/comments?post=20579"}],"wp:attachment":[{"href":"https:\/\/uj.adatbank.ro\/lexikon\/wp-json\/wp\/v2\/media?parent=20579"}],"wp:term":[{"taxonomy":"product_brand","embeddable":true,"href":"https:\/\/uj.adatbank.ro\/lexikon\/wp-json\/wp\/v2\/product_brand?post=20579"},{"taxonomy":"product_cat","embeddable":true,"href":"https:\/\/uj.adatbank.ro\/lexikon\/wp-json\/wp\/v2\/product_cat?post=20579"},{"taxonomy":"product_tag","embeddable":true,"href":"https:\/\/uj.adatbank.ro\/lexikon\/wp-json\/wp\/v2\/product_tag?post=20579"}],"curies":[{"name":"wp","href":"https:\/\/api.w.org\/{rel}","templated":true}]}}