{"id":20582,"date":"2025-07-22T18:54:07","date_gmt":"2025-07-22T16:54:07","guid":{"rendered":"https:\/\/uj.adatbank.ro\/lexikon\/termek\/sofalvi-jozsef-iklandi-2\/"},"modified":"2025-07-22T18:54:07","modified_gmt":"2025-07-22T16:54:07","slug":"sofalvi-jozsef-iklandi-2","status":"publish","type":"product","link":"https:\/\/uj.adatbank.ro\/lexikon\/termek\/sofalvi-jozsef-iklandi-2\/","title":{"rendered":"S\u00d3FALVI J\u00f3zsef, iklandi"},"content":{"rendered":"<p>1831 \u2020\u00a0Mv., 1891. k\u0151m\u0171ves, v\u00e1llalkoz\u00f3. \u2013 1848\u201349-es honv\u00e9d. Seidl K\u00e1rollyal \u00e9p\u00edtette az Apollo kertj\u00e9ben a fa sz\u00ednh\u00e1zat (1876). A mv.-i orsz\u00e1gos k\u00f3rh\u00e1z pall\u00e9rja, amikor a k\u00f3rh\u00e1z \u00e9p\u00fclet\u00e9t kib\u0151v\u00edtett\u00e9k 150 \u00e1gyra, dr. Kn\u00f6ppfler Vilmos vezet\u00e9se alatt (1881). So\u00f3s P\u00e1llal egy\u00fctt \u00e9p\u00edtett\u00e9k a mv.-i Sz\u00e9kelyf\u00f6ldi Iparm\u00fazeum \u00e9p\u00fclet\u00e9t (1890\u201393), de id\u0151k\u00f6zben elhunyt. <br \/><strong>Irod.:<\/strong> Csekme; Ga\u00e1l Korn\u00e9lia: A Sz\u00e9kelyf\u00f6ldi Iparm\u00fazeum Mv.-t = Mv. t\u00f6rt\u00e9net\u00e9b\u0151l; Ga\u00e1l Korn\u00e9lia: Sz\u00e1z \u00e9ve, 1893. j\u00falius m\u00e1sodik\u00e1n avatt\u00e1k fel a Sz\u00e9kelyf\u00f6ldi Iparm\u00fazeum csarnok\u00e1t (N\u00fa., 1993. j\u00fal. 9.); Id\u0151t\u00e1r 2; Kn\u00f6ppfler; Mv.-Bal\u00e1s.<\/br><\/p>\n","protected":false},"excerpt":{"rendered":"<p>1831 \u2020\u00a0Mv., 1891. k\u0151m\u0171ves, v\u00e1llalkoz\u00f3. \u2013 1848\u201349-es honv\u00e9d. Seidl K\u00e1rollyal \u00e9p\u00edtette az Apollo kertj\u00e9ben a fa sz\u00ednh\u00e1zat (1876). A mv.-i orsz\u00e1gos k\u00f3rh\u00e1z pall\u00e9rja, amikor a k\u00f3rh\u00e1z \u00e9p\u00fclet\u00e9t kib\u0151v\u00edtett\u00e9k 150 \u00e1gyra, dr. Kn\u00f6ppfler Vilmos vezet\u00e9se alatt (1881). So\u00f3s P\u00e1llal egy\u00fctt \u00e9p\u00edtett\u00e9k a mv.-i Sz\u00e9kelyf\u00f6ldi Iparm\u00fazeum \u00e9p\u00fclet\u00e9t (1890\u201393), de id\u0151k\u00f6zben elhunyt. Irod.: Csekme; Ga\u00e1l Korn\u00e9lia: A Sz\u00e9kelyf\u00f6ldi [&hellip;]<\/p>\n","protected":false},"featured_media":0,"comment_status":"open","ping_status":"closed","template":"","meta":[],"product_brand":[],"product_cat":[137],"product_tag":[],"class_list":{"0":"post-20582","1":"product","2":"type-product","3":"status-publish","5":"product_cat-maros-megyei-eletrajzi-lexikon","7":"first","8":"instock","9":"shipping-taxable","10":"product-type-simple"},"_links":{"self":[{"href":"https:\/\/uj.adatbank.ro\/lexikon\/wp-json\/wp\/v2\/product\/20582","targetHints":{"allow":["GET"]}}],"collection":[{"href":"https:\/\/uj.adatbank.ro\/lexikon\/wp-json\/wp\/v2\/product"}],"about":[{"href":"https:\/\/uj.adatbank.ro\/lexikon\/wp-json\/wp\/v2\/types\/product"}],"replies":[{"embeddable":true,"href":"https:\/\/uj.adatbank.ro\/lexikon\/wp-json\/wp\/v2\/comments?post=20582"}],"wp:attachment":[{"href":"https:\/\/uj.adatbank.ro\/lexikon\/wp-json\/wp\/v2\/media?parent=20582"}],"wp:term":[{"taxonomy":"product_brand","embeddable":true,"href":"https:\/\/uj.adatbank.ro\/lexikon\/wp-json\/wp\/v2\/product_brand?post=20582"},{"taxonomy":"product_cat","embeddable":true,"href":"https:\/\/uj.adatbank.ro\/lexikon\/wp-json\/wp\/v2\/product_cat?post=20582"},{"taxonomy":"product_tag","embeddable":true,"href":"https:\/\/uj.adatbank.ro\/lexikon\/wp-json\/wp\/v2\/product_tag?post=20582"}],"curies":[{"name":"wp","href":"https:\/\/api.w.org\/{rel}","templated":true}]}}