{"id":20586,"date":"2025-07-22T18:54:15","date_gmt":"2025-07-22T16:54:15","guid":{"rendered":"https:\/\/uj.adatbank.ro\/lexikon\/termek\/sofalvi-leo-jozsef-fr\/"},"modified":"2025-07-22T18:54:15","modified_gmt":"2025-07-22T16:54:15","slug":"sofalvi-leo-jozsef-fr","status":"publish","type":"product","link":"https:\/\/uj.adatbank.ro\/lexikon\/termek\/sofalvi-leo-jozsef-fr\/","title":{"rendered":"S\u00d3FALVI Le\u00f3 J\u00f3zsef, Fr."},"content":{"rendered":"<p>K\u00f6szv\u00e9nyesremete \/ Ny\u00e1r\u00e1dremete? \u2020\u00a0Mv., 1778. j\u00fan. 16. A mv.-i ferences bar\u00e1tok egykori temploma alatt l\u00e9v\u0151 kript\u00e1ban nyugszik.: laikus ferences szerzetes. \u2013 Be\u00f6lt\u00f6z\u00f6tt (1756. m\u00e1j. 17.). <br \/><strong>Irod.:<\/strong> Gy\u00f6rgy: A ferencrendiek; Mv.-i \u00f6rm\u00e9nyek; Ny\u00e1r\u00e1dremete; Pantheon.<\/br><\/p>\n","protected":false},"excerpt":{"rendered":"<p>K\u00f6szv\u00e9nyesremete \/ Ny\u00e1r\u00e1dremete? \u2020\u00a0Mv., 1778. j\u00fan. 16. A mv.-i ferences bar\u00e1tok egykori temploma alatt l\u00e9v\u0151 kript\u00e1ban nyugszik.: laikus ferences szerzetes. \u2013 Be\u00f6lt\u00f6z\u00f6tt (1756. m\u00e1j. 17.). Irod.: Gy\u00f6rgy: A ferencrendiek; Mv.-i \u00f6rm\u00e9nyek; Ny\u00e1r\u00e1dremete; Pantheon.<\/p>\n","protected":false},"featured_media":0,"comment_status":"open","ping_status":"closed","template":"","meta":[],"product_brand":[],"product_cat":[137],"product_tag":[],"class_list":{"0":"post-20586","1":"product","2":"type-product","3":"status-publish","5":"product_cat-maros-megyei-eletrajzi-lexikon","7":"first","8":"instock","9":"shipping-taxable","10":"product-type-simple"},"_links":{"self":[{"href":"https:\/\/uj.adatbank.ro\/lexikon\/wp-json\/wp\/v2\/product\/20586","targetHints":{"allow":["GET"]}}],"collection":[{"href":"https:\/\/uj.adatbank.ro\/lexikon\/wp-json\/wp\/v2\/product"}],"about":[{"href":"https:\/\/uj.adatbank.ro\/lexikon\/wp-json\/wp\/v2\/types\/product"}],"replies":[{"embeddable":true,"href":"https:\/\/uj.adatbank.ro\/lexikon\/wp-json\/wp\/v2\/comments?post=20586"}],"wp:attachment":[{"href":"https:\/\/uj.adatbank.ro\/lexikon\/wp-json\/wp\/v2\/media?parent=20586"}],"wp:term":[{"taxonomy":"product_brand","embeddable":true,"href":"https:\/\/uj.adatbank.ro\/lexikon\/wp-json\/wp\/v2\/product_brand?post=20586"},{"taxonomy":"product_cat","embeddable":true,"href":"https:\/\/uj.adatbank.ro\/lexikon\/wp-json\/wp\/v2\/product_cat?post=20586"},{"taxonomy":"product_tag","embeddable":true,"href":"https:\/\/uj.adatbank.ro\/lexikon\/wp-json\/wp\/v2\/product_tag?post=20586"}],"curies":[{"name":"wp","href":"https:\/\/api.w.org\/{rel}","templated":true}]}}