{"id":20588,"date":"2025-07-22T18:54:19","date_gmt":"2025-07-22T16:54:19","guid":{"rendered":"https:\/\/uj.adatbank.ro\/lexikon\/termek\/sofronie\/"},"modified":"2025-07-22T18:54:19","modified_gmt":"2025-07-22T16:54:19","slug":"sofronie","status":"publish","type":"product","link":"https:\/\/uj.adatbank.ro\/lexikon\/termek\/sofronie\/","title":{"rendered":"SOFRONIE"},"content":{"rendered":"<p>? \u2020?: szerzetes. \u2013 Vezet\u00e9s\u00e9vel a rom\u00e1nok t\u00f6megesen visszat\u00e9rtek az ort. vall\u00e1sra (1750 \u2013 1761). Marosbog\u00e1tban nagy n\u00e9pgy\u0171l\u00e9st tartott, ahol ny\u00edltan biztatta a rom\u00e1nokat \u0151si vall\u00e1sukhoz val\u00f3 visszat\u00e9r\u00e9sre (1760). Hat\u00e1s\u00e1ra a falvakb\u00f3l elkergett\u00e9k a g. kat. papokat, elfoglalt\u00e1k templomaikat. <br \/><strong>Irod.:<\/strong> S\u0103lcud.<\/br><\/p>\n","protected":false},"excerpt":{"rendered":"<p>? \u2020?: szerzetes. \u2013 Vezet\u00e9s\u00e9vel a rom\u00e1nok t\u00f6megesen visszat\u00e9rtek az ort. vall\u00e1sra (1750 \u2013 1761). Marosbog\u00e1tban nagy n\u00e9pgy\u0171l\u00e9st tartott, ahol ny\u00edltan biztatta a rom\u00e1nokat \u0151si vall\u00e1sukhoz val\u00f3 visszat\u00e9r\u00e9sre (1760). Hat\u00e1s\u00e1ra a falvakb\u00f3l elkergett\u00e9k a g. kat. papokat, elfoglalt\u00e1k templomaikat. Irod.: S\u0103lcud.<\/p>\n","protected":false},"featured_media":0,"comment_status":"open","ping_status":"closed","template":"","meta":[],"product_brand":[],"product_cat":[137],"product_tag":[],"class_list":{"0":"post-20588","1":"product","2":"type-product","3":"status-publish","5":"product_cat-maros-megyei-eletrajzi-lexikon","7":"first","8":"instock","9":"shipping-taxable","10":"product-type-simple"},"_links":{"self":[{"href":"https:\/\/uj.adatbank.ro\/lexikon\/wp-json\/wp\/v2\/product\/20588","targetHints":{"allow":["GET"]}}],"collection":[{"href":"https:\/\/uj.adatbank.ro\/lexikon\/wp-json\/wp\/v2\/product"}],"about":[{"href":"https:\/\/uj.adatbank.ro\/lexikon\/wp-json\/wp\/v2\/types\/product"}],"replies":[{"embeddable":true,"href":"https:\/\/uj.adatbank.ro\/lexikon\/wp-json\/wp\/v2\/comments?post=20588"}],"wp:attachment":[{"href":"https:\/\/uj.adatbank.ro\/lexikon\/wp-json\/wp\/v2\/media?parent=20588"}],"wp:term":[{"taxonomy":"product_brand","embeddable":true,"href":"https:\/\/uj.adatbank.ro\/lexikon\/wp-json\/wp\/v2\/product_brand?post=20588"},{"taxonomy":"product_cat","embeddable":true,"href":"https:\/\/uj.adatbank.ro\/lexikon\/wp-json\/wp\/v2\/product_cat?post=20588"},{"taxonomy":"product_tag","embeddable":true,"href":"https:\/\/uj.adatbank.ro\/lexikon\/wp-json\/wp\/v2\/product_tag?post=20588"}],"curies":[{"name":"wp","href":"https:\/\/api.w.org\/{rel}","templated":true}]}}