{"id":2059,"date":"2025-06-28T12:02:33","date_gmt":"2025-06-28T10:02:33","guid":{"rendered":"https:\/\/uj.adatbank.ro\/lexikon\/termek\/balogh-ferenc-2\/"},"modified":"2025-06-28T12:02:33","modified_gmt":"2025-06-28T10:02:33","slug":"balogh-ferenc-2","status":"publish","type":"product","link":"https:\/\/uj.adatbank.ro\/lexikon\/termek\/balogh-ferenc-2\/","title":{"rendered":"BALOGH Ferenc"},"content":{"rendered":"<p>Jobb\u00e1gytelke, 1826. m\u00e1rc. 18., \u2020\u00a01900. febr. 3.: r. k. pap. \u2013 A gimn.-ot Mv.-en, a teol\u00f3gi\u00e1t Gyulafeh\u00e9rv\u00e1ron v\u00e9gezte. Papp\u00e1 szentelt\u00e9k (1851. aug. 3.). K\u00e1pl\u00e1n volt Gyergy\u00f3szentmikl\u00f3son (1851\u2013). Lelkip\u00e1sztor Sz\u00e9kelyk\u00e1lon (1853\u201371), majd Sz\u00e9kelyszentkir\u00e1lyon (1871\u201393). <br \/><strong>Irod.:<\/strong> Ferenczi S\u00e1ndor 2009; Sz\u00e9kelyk\u00e1l<\/br><\/p>\n","protected":false},"excerpt":{"rendered":"<p>Jobb\u00e1gytelke, 1826. m\u00e1rc. 18., \u2020\u00a01900. febr. 3.: r. k. pap. \u2013 A gimn.-ot Mv.-en, a teol\u00f3gi\u00e1t Gyulafeh\u00e9rv\u00e1ron v\u00e9gezte. Papp\u00e1 szentelt\u00e9k (1851. aug. 3.). K\u00e1pl\u00e1n volt Gyergy\u00f3szentmikl\u00f3son (1851\u2013). Lelkip\u00e1sztor Sz\u00e9kelyk\u00e1lon (1853\u201371), majd Sz\u00e9kelyszentkir\u00e1lyon (1871\u201393). Irod.: Ferenczi S\u00e1ndor 2009; Sz\u00e9kelyk\u00e1l<\/p>\n","protected":false},"featured_media":0,"comment_status":"open","ping_status":"closed","template":"","meta":[],"product_brand":[],"product_cat":[137],"product_tag":[],"class_list":{"0":"post-2059","1":"product","2":"type-product","3":"status-publish","5":"product_cat-maros-megyei-eletrajzi-lexikon","7":"first","8":"instock","9":"shipping-taxable","10":"product-type-simple"},"_links":{"self":[{"href":"https:\/\/uj.adatbank.ro\/lexikon\/wp-json\/wp\/v2\/product\/2059","targetHints":{"allow":["GET"]}}],"collection":[{"href":"https:\/\/uj.adatbank.ro\/lexikon\/wp-json\/wp\/v2\/product"}],"about":[{"href":"https:\/\/uj.adatbank.ro\/lexikon\/wp-json\/wp\/v2\/types\/product"}],"replies":[{"embeddable":true,"href":"https:\/\/uj.adatbank.ro\/lexikon\/wp-json\/wp\/v2\/comments?post=2059"}],"wp:attachment":[{"href":"https:\/\/uj.adatbank.ro\/lexikon\/wp-json\/wp\/v2\/media?parent=2059"}],"wp:term":[{"taxonomy":"product_brand","embeddable":true,"href":"https:\/\/uj.adatbank.ro\/lexikon\/wp-json\/wp\/v2\/product_brand?post=2059"},{"taxonomy":"product_cat","embeddable":true,"href":"https:\/\/uj.adatbank.ro\/lexikon\/wp-json\/wp\/v2\/product_cat?post=2059"},{"taxonomy":"product_tag","embeddable":true,"href":"https:\/\/uj.adatbank.ro\/lexikon\/wp-json\/wp\/v2\/product_tag?post=2059"}],"curies":[{"name":"wp","href":"https:\/\/api.w.org\/{rel}","templated":true}]}}