{"id":20594,"date":"2025-07-22T18:54:32","date_gmt":"2025-07-22T16:54:32","guid":{"rendered":"https:\/\/uj.adatbank.ro\/lexikon\/termek\/solymosi-benko-ferenc\/"},"modified":"2025-07-22T18:54:32","modified_gmt":"2025-07-22T16:54:32","slug":"solymosi-benko-ferenc","status":"publish","type":"product","link":"https:\/\/uj.adatbank.ro\/lexikon\/termek\/solymosi-benko-ferenc\/","title":{"rendered":"SOLYMOSI BENK\u0150 Ferenc"},"content":{"rendered":"<p>? \u2020\u00a0Mv., 1745. \u00e1pr. 24?. \u2013 Ref. lelk\u00e9sz. \u2013 Mv-i k\u00e1pl\u00e1n (segedlelk\u00e9sz) (1734\u20131738), lelki tan\u00edt\u00f3 (lelk\u00e9sz?) (1738 \u2013). <br \/><strong>Irod.:<\/strong> A mv.-i ref. egyh\u00e1z (1727\u2013) anyak\u00f6nyve [k\u00e9zirat].<\/br><\/p>\n","protected":false},"excerpt":{"rendered":"<p>? \u2020\u00a0Mv., 1745. \u00e1pr. 24?. \u2013 Ref. lelk\u00e9sz. \u2013 Mv-i k\u00e1pl\u00e1n (segedlelk\u00e9sz) (1734\u20131738), lelki tan\u00edt\u00f3 (lelk\u00e9sz?) (1738 \u2013). Irod.: A mv.-i ref. egyh\u00e1z (1727\u2013) anyak\u00f6nyve [k\u00e9zirat].<\/p>\n","protected":false},"featured_media":0,"comment_status":"open","ping_status":"closed","template":"","meta":[],"product_brand":[],"product_cat":[137],"product_tag":[],"class_list":{"0":"post-20594","1":"product","2":"type-product","3":"status-publish","5":"product_cat-maros-megyei-eletrajzi-lexikon","7":"first","8":"instock","9":"shipping-taxable","10":"product-type-simple"},"_links":{"self":[{"href":"https:\/\/uj.adatbank.ro\/lexikon\/wp-json\/wp\/v2\/product\/20594","targetHints":{"allow":["GET"]}}],"collection":[{"href":"https:\/\/uj.adatbank.ro\/lexikon\/wp-json\/wp\/v2\/product"}],"about":[{"href":"https:\/\/uj.adatbank.ro\/lexikon\/wp-json\/wp\/v2\/types\/product"}],"replies":[{"embeddable":true,"href":"https:\/\/uj.adatbank.ro\/lexikon\/wp-json\/wp\/v2\/comments?post=20594"}],"wp:attachment":[{"href":"https:\/\/uj.adatbank.ro\/lexikon\/wp-json\/wp\/v2\/media?parent=20594"}],"wp:term":[{"taxonomy":"product_brand","embeddable":true,"href":"https:\/\/uj.adatbank.ro\/lexikon\/wp-json\/wp\/v2\/product_brand?post=20594"},{"taxonomy":"product_cat","embeddable":true,"href":"https:\/\/uj.adatbank.ro\/lexikon\/wp-json\/wp\/v2\/product_cat?post=20594"},{"taxonomy":"product_tag","embeddable":true,"href":"https:\/\/uj.adatbank.ro\/lexikon\/wp-json\/wp\/v2\/product_tag?post=20594"}],"curies":[{"name":"wp","href":"https:\/\/api.w.org\/{rel}","templated":true}]}}