{"id":20595,"date":"2025-07-22T18:54:35","date_gmt":"2025-07-22T16:54:35","guid":{"rendered":"https:\/\/uj.adatbank.ro\/lexikon\/termek\/solymosi-berta-%c2%a7\/"},"modified":"2025-07-22T18:54:35","modified_gmt":"2025-07-22T16:54:35","slug":"solymosi-berta-%c2%a7","status":"publish","type":"product","link":"https:\/\/uj.adatbank.ro\/lexikon\/termek\/solymosi-berta-%c2%a7\/","title":{"rendered":"SOLYMOSI Berta, \u00a7"},"content":{"rendered":"<p>1930., \u2020\u00a0Mv., 1996. j\u00fan. 10.: biol\u00f3giatan\u00e1rn\u0151, tanfel\u00fcgyel\u0151. \u2013 A mv.-i munic\u00edpiumi tanfel\u00fcgyel\u0151s\u00e9g f\u0151n\u00f6ke (1970 k.). <br \/><strong>Irod.:<\/strong> [Nekrol\u00f3g] (N\u00fa., 1996. j\u00fan. 12.).<\/br><\/p>\n","protected":false},"excerpt":{"rendered":"<p>1930., \u2020\u00a0Mv., 1996. j\u00fan. 10.: biol\u00f3giatan\u00e1rn\u0151, tanfel\u00fcgyel\u0151. \u2013 A mv.-i munic\u00edpiumi tanfel\u00fcgyel\u0151s\u00e9g f\u0151n\u00f6ke (1970 k.). Irod.: [Nekrol\u00f3g] (N\u00fa., 1996. j\u00fan. 12.).<\/p>\n","protected":false},"featured_media":0,"comment_status":"open","ping_status":"closed","template":"","meta":[],"product_brand":[],"product_cat":[137],"product_tag":[],"class_list":{"0":"post-20595","1":"product","2":"type-product","3":"status-publish","5":"product_cat-maros-megyei-eletrajzi-lexikon","7":"first","8":"instock","9":"shipping-taxable","10":"product-type-simple"},"_links":{"self":[{"href":"https:\/\/uj.adatbank.ro\/lexikon\/wp-json\/wp\/v2\/product\/20595","targetHints":{"allow":["GET"]}}],"collection":[{"href":"https:\/\/uj.adatbank.ro\/lexikon\/wp-json\/wp\/v2\/product"}],"about":[{"href":"https:\/\/uj.adatbank.ro\/lexikon\/wp-json\/wp\/v2\/types\/product"}],"replies":[{"embeddable":true,"href":"https:\/\/uj.adatbank.ro\/lexikon\/wp-json\/wp\/v2\/comments?post=20595"}],"wp:attachment":[{"href":"https:\/\/uj.adatbank.ro\/lexikon\/wp-json\/wp\/v2\/media?parent=20595"}],"wp:term":[{"taxonomy":"product_brand","embeddable":true,"href":"https:\/\/uj.adatbank.ro\/lexikon\/wp-json\/wp\/v2\/product_brand?post=20595"},{"taxonomy":"product_cat","embeddable":true,"href":"https:\/\/uj.adatbank.ro\/lexikon\/wp-json\/wp\/v2\/product_cat?post=20595"},{"taxonomy":"product_tag","embeddable":true,"href":"https:\/\/uj.adatbank.ro\/lexikon\/wp-json\/wp\/v2\/product_tag?post=20595"}],"curies":[{"name":"wp","href":"https:\/\/api.w.org\/{rel}","templated":true}]}}