{"id":20598,"date":"2025-07-22T18:54:41","date_gmt":"2025-07-22T16:54:41","guid":{"rendered":"https:\/\/uj.adatbank.ro\/lexikon\/termek\/solymosi-istvan-2\/"},"modified":"2025-07-22T18:54:41","modified_gmt":"2025-07-22T16:54:41","slug":"solymosi-istvan-2","status":"publish","type":"product","link":"https:\/\/uj.adatbank.ro\/lexikon\/termek\/solymosi-istvan-2\/","title":{"rendered":"SOLYMOSI Istv\u00e1n"},"content":{"rendered":"<p>\u2020?: tan\u00edt\u00f3. \u2013 Als\u00f3b\u00f6lk\u00e9nyben (1737\u201339), Disznaj\u00f3n (1741\u201343), Magyarf\u00fclp\u00f6s\u00f6n (1744\u201345) \u00e9s Erd\u0151csin\u00e1don (1745\u201346) volt mester. <br \/><strong>Irod.:<\/strong> \u0150sz.<\/br><\/p>\n","protected":false},"excerpt":{"rendered":"<p>\u2020?: tan\u00edt\u00f3. \u2013 Als\u00f3b\u00f6lk\u00e9nyben (1737\u201339), Disznaj\u00f3n (1741\u201343), Magyarf\u00fclp\u00f6s\u00f6n (1744\u201345) \u00e9s Erd\u0151csin\u00e1don (1745\u201346) volt mester. Irod.: \u0150sz.<\/p>\n","protected":false},"featured_media":0,"comment_status":"open","ping_status":"closed","template":"","meta":[],"product_brand":[],"product_cat":[137],"product_tag":[],"class_list":{"0":"post-20598","1":"product","2":"type-product","3":"status-publish","5":"product_cat-maros-megyei-eletrajzi-lexikon","7":"first","8":"instock","9":"shipping-taxable","10":"product-type-simple"},"_links":{"self":[{"href":"https:\/\/uj.adatbank.ro\/lexikon\/wp-json\/wp\/v2\/product\/20598","targetHints":{"allow":["GET"]}}],"collection":[{"href":"https:\/\/uj.adatbank.ro\/lexikon\/wp-json\/wp\/v2\/product"}],"about":[{"href":"https:\/\/uj.adatbank.ro\/lexikon\/wp-json\/wp\/v2\/types\/product"}],"replies":[{"embeddable":true,"href":"https:\/\/uj.adatbank.ro\/lexikon\/wp-json\/wp\/v2\/comments?post=20598"}],"wp:attachment":[{"href":"https:\/\/uj.adatbank.ro\/lexikon\/wp-json\/wp\/v2\/media?parent=20598"}],"wp:term":[{"taxonomy":"product_brand","embeddable":true,"href":"https:\/\/uj.adatbank.ro\/lexikon\/wp-json\/wp\/v2\/product_brand?post=20598"},{"taxonomy":"product_cat","embeddable":true,"href":"https:\/\/uj.adatbank.ro\/lexikon\/wp-json\/wp\/v2\/product_cat?post=20598"},{"taxonomy":"product_tag","embeddable":true,"href":"https:\/\/uj.adatbank.ro\/lexikon\/wp-json\/wp\/v2\/product_tag?post=20598"}],"curies":[{"name":"wp","href":"https:\/\/api.w.org\/{rel}","templated":true}]}}