{"id":20599,"date":"2025-07-22T18:54:42","date_gmt":"2025-07-22T16:54:42","guid":{"rendered":"https:\/\/uj.adatbank.ro\/lexikon\/termek\/solymosi-istvan-3\/"},"modified":"2025-07-22T18:54:42","modified_gmt":"2025-07-22T16:54:42","slug":"solymosi-istvan-3","status":"publish","type":"product","link":"https:\/\/uj.adatbank.ro\/lexikon\/termek\/solymosi-istvan-3\/","title":{"rendered":"SOLYMOSI Istv\u00e1n"},"content":{"rendered":"<p>Marosbog\u00e1t, 1893., \u2020?: cip\u00e9sz, k\u00f6z\u00e9leti szem\u00e9lyis\u00e9g Erzs\u00e9betv\u00e1rosban. \u2013 K\u00e9t gimn\u00e1ziumot v\u00e9gzett Gyulafeh\u00e9rv\u00e1ron ut\u00e1na ipari p\u00e1ly\u00e1ra l\u00e9pett, \u00f6n\u00e1ll\u00f3 cip\u00e9sz lett (1919) Erzs\u00e9betv\u00e1roson. Jelent\u00e9keny k\u00f6z\u00e9leti tev\u00e9kenys\u00e9ge sor\u00e1n a MP v\u00e1rmegyei tagozati aleln\u00f6ke \u00e9s v\u00e1rosi tagozati eln\u00f6ke, v\u00e1rosi tan\u00e1csos, az Ipartest\u00fclet eln\u00f6ke, az unit\u00e1rius egyh\u00e1zk\u00f6zs\u00e9g gondnoka, a Magyar Kaszin\u00f3 r. tagja volt. Unit. egyh\u00e1zi lapokban k\u00f6z\u00e9rdek\u0171 ipari \u00e9s gazdas\u00e1gi cikkei jelentek meg. <br \/><strong>Irod.:<\/strong> EM.<\/br><\/p>\n","protected":false},"excerpt":{"rendered":"<p>Marosbog\u00e1t, 1893., \u2020?: cip\u00e9sz, k\u00f6z\u00e9leti szem\u00e9lyis\u00e9g Erzs\u00e9betv\u00e1rosban. \u2013 K\u00e9t gimn\u00e1ziumot v\u00e9gzett Gyulafeh\u00e9rv\u00e1ron ut\u00e1na ipari p\u00e1ly\u00e1ra l\u00e9pett, \u00f6n\u00e1ll\u00f3 cip\u00e9sz lett (1919) Erzs\u00e9betv\u00e1roson. Jelent\u00e9keny k\u00f6z\u00e9leti tev\u00e9kenys\u00e9ge sor\u00e1n a MP v\u00e1rmegyei tagozati aleln\u00f6ke \u00e9s v\u00e1rosi tagozati eln\u00f6ke, v\u00e1rosi tan\u00e1csos, az Ipartest\u00fclet eln\u00f6ke, az unit\u00e1rius egyh\u00e1zk\u00f6zs\u00e9g gondnoka, a Magyar Kaszin\u00f3 r. tagja volt. Unit. egyh\u00e1zi lapokban k\u00f6z\u00e9rdek\u0171 ipari \u00e9s [&hellip;]<\/p>\n","protected":false},"featured_media":0,"comment_status":"open","ping_status":"closed","template":"","meta":[],"product_brand":[],"product_cat":[137],"product_tag":[],"class_list":{"0":"post-20599","1":"product","2":"type-product","3":"status-publish","5":"product_cat-maros-megyei-eletrajzi-lexikon","7":"first","8":"instock","9":"shipping-taxable","10":"product-type-simple"},"_links":{"self":[{"href":"https:\/\/uj.adatbank.ro\/lexikon\/wp-json\/wp\/v2\/product\/20599","targetHints":{"allow":["GET"]}}],"collection":[{"href":"https:\/\/uj.adatbank.ro\/lexikon\/wp-json\/wp\/v2\/product"}],"about":[{"href":"https:\/\/uj.adatbank.ro\/lexikon\/wp-json\/wp\/v2\/types\/product"}],"replies":[{"embeddable":true,"href":"https:\/\/uj.adatbank.ro\/lexikon\/wp-json\/wp\/v2\/comments?post=20599"}],"wp:attachment":[{"href":"https:\/\/uj.adatbank.ro\/lexikon\/wp-json\/wp\/v2\/media?parent=20599"}],"wp:term":[{"taxonomy":"product_brand","embeddable":true,"href":"https:\/\/uj.adatbank.ro\/lexikon\/wp-json\/wp\/v2\/product_brand?post=20599"},{"taxonomy":"product_cat","embeddable":true,"href":"https:\/\/uj.adatbank.ro\/lexikon\/wp-json\/wp\/v2\/product_cat?post=20599"},{"taxonomy":"product_tag","embeddable":true,"href":"https:\/\/uj.adatbank.ro\/lexikon\/wp-json\/wp\/v2\/product_tag?post=20599"}],"curies":[{"name":"wp","href":"https:\/\/api.w.org\/{rel}","templated":true}]}}