{"id":20605,"date":"2025-07-22T18:54:56","date_gmt":"2025-07-22T16:54:56","guid":{"rendered":"https:\/\/uj.adatbank.ro\/lexikon\/termek\/solymosi-mihaly\/"},"modified":"2025-07-22T18:54:56","modified_gmt":"2025-07-22T16:54:56","slug":"solymosi-mihaly","status":"publish","type":"product","link":"https:\/\/uj.adatbank.ro\/lexikon\/termek\/solymosi-mihaly\/","title":{"rendered":"SOLYMOSI Mih\u00e1ly"},"content":{"rendered":"<p>? \u2020?: tan\u00edt\u00f3, ref. lelk\u00e9sz. \u2013 Mester Maroscsap\u00f3n (1680), Marosbog\u00e1ton (1684\u201387, 1694), Magyarkir\u00e1lyfalv\u00e1n (1696\u20131700), K\u00fck\u00fcll\u0151alm\u00e1son (1710 k.). Lelk\u00e9sz volt K\u00f3r\u00f3dszentm\u00e1rtonban (1713\u201316) \u00e9s Magyars\u00fcly\u00e9n (1721\u201326). \u2013 <strong>F. m.<\/strong>: Halotti besz\u00e9d gr. Bethlen Judit, kereseeri K\u00f6les\u00e9ri S\u00e1muel felett, 1720. febr. 18. (Kv., \u00e9.n.); Halotti besz\u00e9d Kun Borb\u00e1la, sz\u00e9ki gr. Teleki J\u00f3zsefn\u00e9 felett, 1720. dec. 4. (Kv., \u00e9.n.). <br \/><strong>Irod.:<\/strong> Halotti besz\u00e9dek; K\u00fck\u00fcll\u0151i Ref. Egyh\u00e1zm. 2., 3., 4.<\/br><\/p>\n","protected":false},"excerpt":{"rendered":"<p>? \u2020?: tan\u00edt\u00f3, ref. lelk\u00e9sz. \u2013 Mester Maroscsap\u00f3n (1680), Marosbog\u00e1ton (1684\u201387, 1694), Magyarkir\u00e1lyfalv\u00e1n (1696\u20131700), K\u00fck\u00fcll\u0151alm\u00e1son (1710 k.). Lelk\u00e9sz volt K\u00f3r\u00f3dszentm\u00e1rtonban (1713\u201316) \u00e9s Magyars\u00fcly\u00e9n (1721\u201326). \u2013 F. m.: Halotti besz\u00e9d gr. Bethlen Judit, kereseeri K\u00f6les\u00e9ri S\u00e1muel felett, 1720. febr. 18. (Kv., \u00e9.n.); Halotti besz\u00e9d Kun Borb\u00e1la, sz\u00e9ki gr. Teleki J\u00f3zsefn\u00e9 felett, 1720. dec. 4. (Kv., \u00e9.n.). [&hellip;]<\/p>\n","protected":false},"featured_media":0,"comment_status":"open","ping_status":"closed","template":"","meta":[],"product_brand":[],"product_cat":[137],"product_tag":[],"class_list":{"0":"post-20605","1":"product","2":"type-product","3":"status-publish","5":"product_cat-maros-megyei-eletrajzi-lexikon","7":"first","8":"instock","9":"shipping-taxable","10":"product-type-simple"},"_links":{"self":[{"href":"https:\/\/uj.adatbank.ro\/lexikon\/wp-json\/wp\/v2\/product\/20605","targetHints":{"allow":["GET"]}}],"collection":[{"href":"https:\/\/uj.adatbank.ro\/lexikon\/wp-json\/wp\/v2\/product"}],"about":[{"href":"https:\/\/uj.adatbank.ro\/lexikon\/wp-json\/wp\/v2\/types\/product"}],"replies":[{"embeddable":true,"href":"https:\/\/uj.adatbank.ro\/lexikon\/wp-json\/wp\/v2\/comments?post=20605"}],"wp:attachment":[{"href":"https:\/\/uj.adatbank.ro\/lexikon\/wp-json\/wp\/v2\/media?parent=20605"}],"wp:term":[{"taxonomy":"product_brand","embeddable":true,"href":"https:\/\/uj.adatbank.ro\/lexikon\/wp-json\/wp\/v2\/product_brand?post=20605"},{"taxonomy":"product_cat","embeddable":true,"href":"https:\/\/uj.adatbank.ro\/lexikon\/wp-json\/wp\/v2\/product_cat?post=20605"},{"taxonomy":"product_tag","embeddable":true,"href":"https:\/\/uj.adatbank.ro\/lexikon\/wp-json\/wp\/v2\/product_tag?post=20605"}],"curies":[{"name":"wp","href":"https:\/\/api.w.org\/{rel}","templated":true}]}}