{"id":20606,"date":"2025-07-22T18:54:59","date_gmt":"2025-07-22T16:54:59","guid":{"rendered":"https:\/\/uj.adatbank.ro\/lexikon\/termek\/solymosi-n-mihaly\/"},"modified":"2025-07-22T18:54:59","modified_gmt":"2025-07-22T16:54:59","slug":"solymosi-n-mihaly","status":"publish","type":"product","link":"https:\/\/uj.adatbank.ro\/lexikon\/termek\/solymosi-n-mihaly\/","title":{"rendered":"SOLYMOSI N. Mih\u00e1ly"},"content":{"rendered":"<p>1673., \u2020?: ref. lelk\u00e9sz. \u2013 S\u00e1rospatak-Gyulafeh\u00e9rv\u00e1ron subscrib\u00e1lt (1693). Szebenbe volt nevel\u0151 (1696). Oderafrankfurtban (1697), Leidenben (1698, 1700\u201301), Franekerben \u00e9s Utrechtben tanult (1699). Lelk\u00e9sz volt K\u00fck\u00fcll\u0151sz\u00e9plakon (1702), Nagyteremiben (1711\u201312), D\u00e9v\u00e1n (1713\u201315), V\u00edzakn\u00e1n (1715\u201323), Szatm\u00e1ron (1723\u201329). <br \/><strong>Irod.:<\/strong> K\u00fck\u00fcll\u0151i Ref. Egyh\u00e1zm. 1., 2., 3., 4.<\/br><\/p>\n","protected":false},"excerpt":{"rendered":"<p>1673., \u2020?: ref. lelk\u00e9sz. \u2013 S\u00e1rospatak-Gyulafeh\u00e9rv\u00e1ron subscrib\u00e1lt (1693). Szebenbe volt nevel\u0151 (1696). Oderafrankfurtban (1697), Leidenben (1698, 1700\u201301), Franekerben \u00e9s Utrechtben tanult (1699). Lelk\u00e9sz volt K\u00fck\u00fcll\u0151sz\u00e9plakon (1702), Nagyteremiben (1711\u201312), D\u00e9v\u00e1n (1713\u201315), V\u00edzakn\u00e1n (1715\u201323), Szatm\u00e1ron (1723\u201329). Irod.: K\u00fck\u00fcll\u0151i Ref. Egyh\u00e1zm. 1., 2., 3., 4.<\/p>\n","protected":false},"featured_media":0,"comment_status":"open","ping_status":"closed","template":"","meta":[],"product_brand":[],"product_cat":[137],"product_tag":[],"class_list":{"0":"post-20606","1":"product","2":"type-product","3":"status-publish","5":"product_cat-maros-megyei-eletrajzi-lexikon","7":"first","8":"instock","9":"shipping-taxable","10":"product-type-simple"},"_links":{"self":[{"href":"https:\/\/uj.adatbank.ro\/lexikon\/wp-json\/wp\/v2\/product\/20606","targetHints":{"allow":["GET"]}}],"collection":[{"href":"https:\/\/uj.adatbank.ro\/lexikon\/wp-json\/wp\/v2\/product"}],"about":[{"href":"https:\/\/uj.adatbank.ro\/lexikon\/wp-json\/wp\/v2\/types\/product"}],"replies":[{"embeddable":true,"href":"https:\/\/uj.adatbank.ro\/lexikon\/wp-json\/wp\/v2\/comments?post=20606"}],"wp:attachment":[{"href":"https:\/\/uj.adatbank.ro\/lexikon\/wp-json\/wp\/v2\/media?parent=20606"}],"wp:term":[{"taxonomy":"product_brand","embeddable":true,"href":"https:\/\/uj.adatbank.ro\/lexikon\/wp-json\/wp\/v2\/product_brand?post=20606"},{"taxonomy":"product_cat","embeddable":true,"href":"https:\/\/uj.adatbank.ro\/lexikon\/wp-json\/wp\/v2\/product_cat?post=20606"},{"taxonomy":"product_tag","embeddable":true,"href":"https:\/\/uj.adatbank.ro\/lexikon\/wp-json\/wp\/v2\/product_tag?post=20606"}],"curies":[{"name":"wp","href":"https:\/\/api.w.org\/{rel}","templated":true}]}}