{"id":20607,"date":"2025-07-22T18:55:00","date_gmt":"2025-07-22T16:55:00","guid":{"rendered":"https:\/\/uj.adatbank.ro\/lexikon\/termek\/solymosi-peter\/"},"modified":"2025-07-22T18:55:00","modified_gmt":"2025-07-22T16:55:00","slug":"solymosi-peter","status":"publish","type":"product","link":"https:\/\/uj.adatbank.ro\/lexikon\/termek\/solymosi-peter\/","title":{"rendered":"SOLYMOSI P\u00e9ter"},"content":{"rendered":"<p>? \u2020\u00a0Nagy\u00f6lyves, 1757.: tan\u00edt\u00f3, ref. lelk\u00e9sz. \u2013 Mv.-en subscrib\u00e1lt (1719). G\u00f6rg\u00e9nyszentimr\u00e9n volt mester. Kolozsnagyid\u00e1n (1731), Oroszf\u00e1j\u00e1n (1737, 1740\u201348) \u00e9s Nagy\u00f6lyvesen volt lelk\u00e9sz hal\u00e1l\u00e1ig (1748. m\u00e1rc. 13.\u201357.). <br \/><strong>Irod.:<\/strong> \u0150sz.<\/br><\/p>\n","protected":false},"excerpt":{"rendered":"<p>? \u2020\u00a0Nagy\u00f6lyves, 1757.: tan\u00edt\u00f3, ref. lelk\u00e9sz. \u2013 Mv.-en subscrib\u00e1lt (1719). G\u00f6rg\u00e9nyszentimr\u00e9n volt mester. Kolozsnagyid\u00e1n (1731), Oroszf\u00e1j\u00e1n (1737, 1740\u201348) \u00e9s Nagy\u00f6lyvesen volt lelk\u00e9sz hal\u00e1l\u00e1ig (1748. m\u00e1rc. 13.\u201357.). Irod.: \u0150sz.<\/p>\n","protected":false},"featured_media":0,"comment_status":"open","ping_status":"closed","template":"","meta":[],"product_brand":[],"product_cat":[137],"product_tag":[],"class_list":{"0":"post-20607","1":"product","2":"type-product","3":"status-publish","5":"product_cat-maros-megyei-eletrajzi-lexikon","7":"first","8":"instock","9":"shipping-taxable","10":"product-type-simple"},"_links":{"self":[{"href":"https:\/\/uj.adatbank.ro\/lexikon\/wp-json\/wp\/v2\/product\/20607","targetHints":{"allow":["GET"]}}],"collection":[{"href":"https:\/\/uj.adatbank.ro\/lexikon\/wp-json\/wp\/v2\/product"}],"about":[{"href":"https:\/\/uj.adatbank.ro\/lexikon\/wp-json\/wp\/v2\/types\/product"}],"replies":[{"embeddable":true,"href":"https:\/\/uj.adatbank.ro\/lexikon\/wp-json\/wp\/v2\/comments?post=20607"}],"wp:attachment":[{"href":"https:\/\/uj.adatbank.ro\/lexikon\/wp-json\/wp\/v2\/media?parent=20607"}],"wp:term":[{"taxonomy":"product_brand","embeddable":true,"href":"https:\/\/uj.adatbank.ro\/lexikon\/wp-json\/wp\/v2\/product_brand?post=20607"},{"taxonomy":"product_cat","embeddable":true,"href":"https:\/\/uj.adatbank.ro\/lexikon\/wp-json\/wp\/v2\/product_cat?post=20607"},{"taxonomy":"product_tag","embeddable":true,"href":"https:\/\/uj.adatbank.ro\/lexikon\/wp-json\/wp\/v2\/product_tag?post=20607"}],"curies":[{"name":"wp","href":"https:\/\/api.w.org\/{rel}","templated":true}]}}