{"id":20608,"date":"2025-07-22T18:55:02","date_gmt":"2025-07-22T16:55:02","guid":{"rendered":"https:\/\/uj.adatbank.ro\/lexikon\/termek\/solymosi-samuel\/"},"modified":"2025-07-22T18:55:02","modified_gmt":"2025-07-22T16:55:02","slug":"solymosi-samuel","status":"publish","type":"product","link":"https:\/\/uj.adatbank.ro\/lexikon\/termek\/solymosi-samuel\/","title":{"rendered":"SOLYMOSI S\u00e1muel"},"content":{"rendered":"<p>? \u2020?: tan\u00edt\u00f3, ref. lelk\u00e9sz. \u2013 Nagyenyeden subscrib\u00e1lt (1701). Nagyb\u00e1ny\u00e1n volt rektor. tan\u00edtott. Uzdiszentp\u00e9teren (1716), Mez\u0151madarason (1720\u201331), Ny\u00e1r\u00e1dkar\u00e1csonyfalv\u00e1n (1732\u20131737), Berekereszt\u00faron (1739\u201344) \u00e9s Sz\u00e9kelyvaj\u00e1n (1745\u201350) volt lelk\u00e9sz. <br \/><strong>Irod.:<\/strong> Imreh Barna; \u0150sz.<\/br><\/p>\n","protected":false},"excerpt":{"rendered":"<p>? \u2020?: tan\u00edt\u00f3, ref. lelk\u00e9sz. \u2013 Nagyenyeden subscrib\u00e1lt (1701). Nagyb\u00e1ny\u00e1n volt rektor. tan\u00edtott. Uzdiszentp\u00e9teren (1716), Mez\u0151madarason (1720\u201331), Ny\u00e1r\u00e1dkar\u00e1csonyfalv\u00e1n (1732\u20131737), Berekereszt\u00faron (1739\u201344) \u00e9s Sz\u00e9kelyvaj\u00e1n (1745\u201350) volt lelk\u00e9sz. Irod.: Imreh Barna; \u0150sz.<\/p>\n","protected":false},"featured_media":0,"comment_status":"open","ping_status":"closed","template":"","meta":[],"product_brand":[],"product_cat":[137],"product_tag":[],"class_list":{"0":"post-20608","1":"product","2":"type-product","3":"status-publish","5":"product_cat-maros-megyei-eletrajzi-lexikon","7":"first","8":"instock","9":"shipping-taxable","10":"product-type-simple"},"_links":{"self":[{"href":"https:\/\/uj.adatbank.ro\/lexikon\/wp-json\/wp\/v2\/product\/20608","targetHints":{"allow":["GET"]}}],"collection":[{"href":"https:\/\/uj.adatbank.ro\/lexikon\/wp-json\/wp\/v2\/product"}],"about":[{"href":"https:\/\/uj.adatbank.ro\/lexikon\/wp-json\/wp\/v2\/types\/product"}],"replies":[{"embeddable":true,"href":"https:\/\/uj.adatbank.ro\/lexikon\/wp-json\/wp\/v2\/comments?post=20608"}],"wp:attachment":[{"href":"https:\/\/uj.adatbank.ro\/lexikon\/wp-json\/wp\/v2\/media?parent=20608"}],"wp:term":[{"taxonomy":"product_brand","embeddable":true,"href":"https:\/\/uj.adatbank.ro\/lexikon\/wp-json\/wp\/v2\/product_brand?post=20608"},{"taxonomy":"product_cat","embeddable":true,"href":"https:\/\/uj.adatbank.ro\/lexikon\/wp-json\/wp\/v2\/product_cat?post=20608"},{"taxonomy":"product_tag","embeddable":true,"href":"https:\/\/uj.adatbank.ro\/lexikon\/wp-json\/wp\/v2\/product_tag?post=20608"}],"curies":[{"name":"wp","href":"https:\/\/api.w.org\/{rel}","templated":true}]}}