{"id":20611,"date":"2025-07-22T18:55:10","date_gmt":"2025-07-22T16:55:10","guid":{"rendered":"https:\/\/uj.adatbank.ro\/lexikon\/termek\/solymossy-ilona-ily-br-no\/"},"modified":"2025-07-22T18:55:10","modified_gmt":"2025-07-22T16:55:10","slug":"solymossy-ilona-ily-br-no","status":"publish","type":"product","link":"https:\/\/uj.adatbank.ro\/lexikon\/termek\/solymossy-ilona-ily-br-no\/","title":{"rendered":"SOLYMOSSY Ilona, Ily br.-n\u0151"},"content":{"rendered":"<p>Nagyteremi, 1895. \u00e1pr. 18. \u2020 B\u00e9cs, 1988. j\u00fal. 13.: Montenuovo hercegn\u00e9. <br \/><strong>Irod.:<\/strong> Gudenus.<\/br><\/p>\n","protected":false},"excerpt":{"rendered":"<p>Nagyteremi, 1895. \u00e1pr. 18. \u2020 B\u00e9cs, 1988. j\u00fal. 13.: Montenuovo hercegn\u00e9. Irod.: Gudenus.<\/p>\n","protected":false},"featured_media":0,"comment_status":"open","ping_status":"closed","template":"","meta":[],"product_brand":[],"product_cat":[137],"product_tag":[],"class_list":{"0":"post-20611","1":"product","2":"type-product","3":"status-publish","5":"product_cat-maros-megyei-eletrajzi-lexikon","7":"first","8":"instock","9":"shipping-taxable","10":"product-type-simple"},"_links":{"self":[{"href":"https:\/\/uj.adatbank.ro\/lexikon\/wp-json\/wp\/v2\/product\/20611","targetHints":{"allow":["GET"]}}],"collection":[{"href":"https:\/\/uj.adatbank.ro\/lexikon\/wp-json\/wp\/v2\/product"}],"about":[{"href":"https:\/\/uj.adatbank.ro\/lexikon\/wp-json\/wp\/v2\/types\/product"}],"replies":[{"embeddable":true,"href":"https:\/\/uj.adatbank.ro\/lexikon\/wp-json\/wp\/v2\/comments?post=20611"}],"wp:attachment":[{"href":"https:\/\/uj.adatbank.ro\/lexikon\/wp-json\/wp\/v2\/media?parent=20611"}],"wp:term":[{"taxonomy":"product_brand","embeddable":true,"href":"https:\/\/uj.adatbank.ro\/lexikon\/wp-json\/wp\/v2\/product_brand?post=20611"},{"taxonomy":"product_cat","embeddable":true,"href":"https:\/\/uj.adatbank.ro\/lexikon\/wp-json\/wp\/v2\/product_cat?post=20611"},{"taxonomy":"product_tag","embeddable":true,"href":"https:\/\/uj.adatbank.ro\/lexikon\/wp-json\/wp\/v2\/product_tag?post=20611"}],"curies":[{"name":"wp","href":"https:\/\/api.w.org\/{rel}","templated":true}]}}