{"id":20612,"date":"2025-07-22T18:55:12","date_gmt":"2025-07-22T16:55:12","guid":{"rendered":"https:\/\/uj.adatbank.ro\/lexikon\/termek\/solymossy-istvan-%c2%a7\/"},"modified":"2025-07-22T18:55:12","modified_gmt":"2025-07-22T16:55:12","slug":"solymossy-istvan-%c2%a7","status":"publish","type":"product","link":"https:\/\/uj.adatbank.ro\/lexikon\/termek\/solymossy-istvan-%c2%a7\/","title":{"rendered":"SOLYMOSSY Istv\u00e1n, \u00a7"},"content":{"rendered":"<p>Mv., 1912. j\u00fan. 18., \u2020\u00a0Mv., 1997. j\u00fal. 24.: m\u00e9rn\u00f6k, m\u0171szaki tan\u00e1csos. \u2013 A mv.-i \u00e9p\u00edtkez\u00e9si tr\u00f6szt volt f\u0151m\u00e9rn\u00f6ke A II. vh.-ban tart. z\u00e1szl\u00f3si rangban vett r\u00e9szt. <br \/><strong>Irod.:<\/strong> Berekm\u00e9ri; [Nekrol\u00f3g] (N\u00fa., 1997. j\u00fan. 26.).<\/br><\/p>\n","protected":false},"excerpt":{"rendered":"<p>Mv., 1912. j\u00fan. 18., \u2020\u00a0Mv., 1997. j\u00fal. 24.: m\u00e9rn\u00f6k, m\u0171szaki tan\u00e1csos. \u2013 A mv.-i \u00e9p\u00edtkez\u00e9si tr\u00f6szt volt f\u0151m\u00e9rn\u00f6ke A II. vh.-ban tart. z\u00e1szl\u00f3si rangban vett r\u00e9szt. Irod.: Berekm\u00e9ri; [Nekrol\u00f3g] (N\u00fa., 1997. j\u00fan. 26.).<\/p>\n","protected":false},"featured_media":0,"comment_status":"open","ping_status":"closed","template":"","meta":[],"product_brand":[],"product_cat":[137],"product_tag":[],"class_list":{"0":"post-20612","1":"product","2":"type-product","3":"status-publish","5":"product_cat-maros-megyei-eletrajzi-lexikon","7":"first","8":"instock","9":"shipping-taxable","10":"product-type-simple"},"_links":{"self":[{"href":"https:\/\/uj.adatbank.ro\/lexikon\/wp-json\/wp\/v2\/product\/20612","targetHints":{"allow":["GET"]}}],"collection":[{"href":"https:\/\/uj.adatbank.ro\/lexikon\/wp-json\/wp\/v2\/product"}],"about":[{"href":"https:\/\/uj.adatbank.ro\/lexikon\/wp-json\/wp\/v2\/types\/product"}],"replies":[{"embeddable":true,"href":"https:\/\/uj.adatbank.ro\/lexikon\/wp-json\/wp\/v2\/comments?post=20612"}],"wp:attachment":[{"href":"https:\/\/uj.adatbank.ro\/lexikon\/wp-json\/wp\/v2\/media?parent=20612"}],"wp:term":[{"taxonomy":"product_brand","embeddable":true,"href":"https:\/\/uj.adatbank.ro\/lexikon\/wp-json\/wp\/v2\/product_brand?post=20612"},{"taxonomy":"product_cat","embeddable":true,"href":"https:\/\/uj.adatbank.ro\/lexikon\/wp-json\/wp\/v2\/product_cat?post=20612"},{"taxonomy":"product_tag","embeddable":true,"href":"https:\/\/uj.adatbank.ro\/lexikon\/wp-json\/wp\/v2\/product_tag?post=20612"}],"curies":[{"name":"wp","href":"https:\/\/api.w.org\/{rel}","templated":true}]}}