{"id":20613,"date":"2025-07-22T18:55:14","date_gmt":"2025-07-22T16:55:14","guid":{"rendered":"https:\/\/uj.adatbank.ro\/lexikon\/termek\/solymossy-laszlo-solymosy-br\/"},"modified":"2025-07-22T18:55:14","modified_gmt":"2025-07-22T16:55:14","slug":"solymossy-laszlo-solymosy-br","status":"publish","type":"product","link":"https:\/\/uj.adatbank.ro\/lexikon\/termek\/solymossy-laszlo-solymosy-br\/","title":{"rendered":"SOLYMOSSY L\u00e1szl\u00f3; Solymosy, br."},"content":{"rendered":"<p>Gy\u0151r, 1832. nov. 6. \u2020 Nagylozs (Mo.), 1904. m\u00e1rc. 13.: nagyteremi f\u00f6ldbirtokos, f\u0151rendih\u00e1zi tag. \u2013 Le\u00e1nya, S. Ilona Montenuovo hercegn\u00e9, (Nagyteremi, 1895. \u00e1pr. 18-B\u00e9cs 1988. j\u00fal. 13). \u2013 Eszterh\u00e1zy herceg j\u00f3sz\u00e1gkorm\u00e1nyz\u00f3ja volt, B\u00e1nffy Dezs\u0151 minisztereln\u00f6ks\u00e9ge alatt kapott b\u00e1r\u00f3i c\u00edmet, ami \u00f6r\u00f6k\u00f6s f\u0151rendih\u00e1zi tags\u00e1gi jogosults\u00e1g volt (B\u00e9cs, 1895. j\u00fan. 25). Meggazdagodott \u00e9s t\u00f6bb uradalmat v\u00e1s\u00e1rolt meg. A keskenyv\u00e1g\u00e1ny\u00fa vas\u00fatvonal \u00e9p\u00edt\u00e9s\u00e9nek egyik kezdem\u00e9nyez\u0151je (1895). Szov\u00e1t\u00e1n is \u00e9p\u00edttetett a Medve-t\u00f3 k\u00f6zel\u00e9ben (1896). \u00c1rver\u00e9sen vette meg a Bethlenek Nagyteremi-i birtok\u00e1t, a radn\u00f3ti uradalom is birtok\u00e1ba ker\u00fclt. Ezt \u00f6r\u00f6k\u00f6lte a le\u00e1nya. A f\u00f6ldeket kisaj\u00e1t\u00edtott\u00e1k (1919 ut\u00e1n), csak 100 holdat hagytak meg \u00e9s a kast\u00e9lyt, a f\u00f6ldeket a tulajdonos eladta a lukafalvi \u00e9s l\u0151rincfalvi f\u00f6ldm\u0171veseknek. Az EMKE alap\u00edt\u00f3 \u00e9s v\u00e1lasztott v\u00e1lasztm\u00e1nyi tagja (1885\u2013). <br \/><strong>Irod.:<\/strong> Gid\u00f3 Csaba: Egy megsz\u0171nt vas\u00fatvonal-h\u00e1l\u00f3zat eml\u00e9k\u00e9re = Maros megyei m. 3. P\u00e1l-Antal \u2013 Simon; Gid\u00f3 Csaba: Egy megsz\u0171nt vas\u00fatvonal-h\u00e1l\u00f3zat eml\u00e9k\u00e9re = P\u00e1l-Antal \u2013 Simon; Gudenus; Kakasy M\u00e1rton: Naplemente (Mv., 1931); S\u00e1ndor.<\/br><\/p>\n","protected":false},"excerpt":{"rendered":"<p>Gy\u0151r, 1832. nov. 6. \u2020 Nagylozs (Mo.), 1904. m\u00e1rc. 13.: nagyteremi f\u00f6ldbirtokos, f\u0151rendih\u00e1zi tag. \u2013 Le\u00e1nya, S. Ilona Montenuovo hercegn\u00e9, (Nagyteremi, 1895. \u00e1pr. 18-B\u00e9cs 1988. j\u00fal. 13). \u2013 Eszterh\u00e1zy herceg j\u00f3sz\u00e1gkorm\u00e1nyz\u00f3ja volt, B\u00e1nffy Dezs\u0151 minisztereln\u00f6ks\u00e9ge alatt kapott b\u00e1r\u00f3i c\u00edmet, ami \u00f6r\u00f6k\u00f6s f\u0151rendih\u00e1zi tags\u00e1gi jogosults\u00e1g volt (B\u00e9cs, 1895. j\u00fan. 25). Meggazdagodott \u00e9s t\u00f6bb uradalmat v\u00e1s\u00e1rolt meg. [&hellip;]<\/p>\n","protected":false},"featured_media":0,"comment_status":"open","ping_status":"closed","template":"","meta":[],"product_brand":[],"product_cat":[137],"product_tag":[],"class_list":{"0":"post-20613","1":"product","2":"type-product","3":"status-publish","5":"product_cat-maros-megyei-eletrajzi-lexikon","7":"first","8":"instock","9":"shipping-taxable","10":"product-type-simple"},"_links":{"self":[{"href":"https:\/\/uj.adatbank.ro\/lexikon\/wp-json\/wp\/v2\/product\/20613","targetHints":{"allow":["GET"]}}],"collection":[{"href":"https:\/\/uj.adatbank.ro\/lexikon\/wp-json\/wp\/v2\/product"}],"about":[{"href":"https:\/\/uj.adatbank.ro\/lexikon\/wp-json\/wp\/v2\/types\/product"}],"replies":[{"embeddable":true,"href":"https:\/\/uj.adatbank.ro\/lexikon\/wp-json\/wp\/v2\/comments?post=20613"}],"wp:attachment":[{"href":"https:\/\/uj.adatbank.ro\/lexikon\/wp-json\/wp\/v2\/media?parent=20613"}],"wp:term":[{"taxonomy":"product_brand","embeddable":true,"href":"https:\/\/uj.adatbank.ro\/lexikon\/wp-json\/wp\/v2\/product_brand?post=20613"},{"taxonomy":"product_cat","embeddable":true,"href":"https:\/\/uj.adatbank.ro\/lexikon\/wp-json\/wp\/v2\/product_cat?post=20613"},{"taxonomy":"product_tag","embeddable":true,"href":"https:\/\/uj.adatbank.ro\/lexikon\/wp-json\/wp\/v2\/product_tag?post=20613"}],"curies":[{"name":"wp","href":"https:\/\/api.w.org\/{rel}","templated":true}]}}