{"id":20614,"date":"2025-07-22T18:55:17","date_gmt":"2025-07-22T16:55:17","guid":{"rendered":"https:\/\/uj.adatbank.ro\/lexikon\/termek\/solymosy-istvan\/"},"modified":"2025-07-22T18:55:17","modified_gmt":"2025-07-22T16:55:17","slug":"solymosy-istvan","status":"publish","type":"product","link":"https:\/\/uj.adatbank.ro\/lexikon\/termek\/solymosy-istvan\/","title":{"rendered":"SOLYMOSY Istv\u00e1n"},"content":{"rendered":"<p>1912., \u2020 Mv., 1997. j\u00fan. 24.: m\u00e9rn\u00f6k. \u2013 A mv.-i \u00c9p\u00edtkez\u00e9si Tr\u00f6szt f\u0151m\u00e9rn\u00f6ke. <br \/><strong>Irod.:<\/strong> MMK.<\/br><\/p>\n","protected":false},"excerpt":{"rendered":"<p>1912., \u2020 Mv., 1997. j\u00fan. 24.: m\u00e9rn\u00f6k. \u2013 A mv.-i \u00c9p\u00edtkez\u00e9si Tr\u00f6szt f\u0151m\u00e9rn\u00f6ke. Irod.: MMK.<\/p>\n","protected":false},"featured_media":0,"comment_status":"open","ping_status":"closed","template":"","meta":[],"product_brand":[],"product_cat":[137],"product_tag":[],"class_list":{"0":"post-20614","1":"product","2":"type-product","3":"status-publish","5":"product_cat-maros-megyei-eletrajzi-lexikon","7":"first","8":"instock","9":"shipping-taxable","10":"product-type-simple"},"_links":{"self":[{"href":"https:\/\/uj.adatbank.ro\/lexikon\/wp-json\/wp\/v2\/product\/20614","targetHints":{"allow":["GET"]}}],"collection":[{"href":"https:\/\/uj.adatbank.ro\/lexikon\/wp-json\/wp\/v2\/product"}],"about":[{"href":"https:\/\/uj.adatbank.ro\/lexikon\/wp-json\/wp\/v2\/types\/product"}],"replies":[{"embeddable":true,"href":"https:\/\/uj.adatbank.ro\/lexikon\/wp-json\/wp\/v2\/comments?post=20614"}],"wp:attachment":[{"href":"https:\/\/uj.adatbank.ro\/lexikon\/wp-json\/wp\/v2\/media?parent=20614"}],"wp:term":[{"taxonomy":"product_brand","embeddable":true,"href":"https:\/\/uj.adatbank.ro\/lexikon\/wp-json\/wp\/v2\/product_brand?post=20614"},{"taxonomy":"product_cat","embeddable":true,"href":"https:\/\/uj.adatbank.ro\/lexikon\/wp-json\/wp\/v2\/product_cat?post=20614"},{"taxonomy":"product_tag","embeddable":true,"href":"https:\/\/uj.adatbank.ro\/lexikon\/wp-json\/wp\/v2\/product_tag?post=20614"}],"curies":[{"name":"wp","href":"https:\/\/api.w.org\/{rel}","templated":true}]}}