{"id":20619,"date":"2025-07-22T18:55:27","date_gmt":"2025-07-22T16:55:27","guid":{"rendered":"https:\/\/uj.adatbank.ro\/lexikon\/termek\/somay-domokos-somai-domokos\/"},"modified":"2025-07-22T18:55:27","modified_gmt":"2025-07-22T16:55:27","slug":"somay-domokos-somai-domokos","status":"publish","type":"product","link":"https:\/\/uj.adatbank.ro\/lexikon\/termek\/somay-domokos-somai-domokos\/","title":{"rendered":"SOMAY Domokos, Somai Domokos"},"content":{"rendered":"<p>? \u2020?: birtokos. \u2013 Harangl\u00e1bon 29 hold sz\u0151l\u0151birtokkal is rendelkezett (19. sz. v\u00e9g\u00e9n). <br \/><strong>Irod.:<\/strong> Cs\u00e1vossy.<\/br><\/p>\n","protected":false},"excerpt":{"rendered":"<p>? \u2020?: birtokos. \u2013 Harangl\u00e1bon 29 hold sz\u0151l\u0151birtokkal is rendelkezett (19. sz. v\u00e9g\u00e9n). Irod.: Cs\u00e1vossy.<\/p>\n","protected":false},"featured_media":0,"comment_status":"open","ping_status":"closed","template":"","meta":[],"product_brand":[],"product_cat":[137],"product_tag":[],"class_list":{"0":"post-20619","1":"product","2":"type-product","3":"status-publish","5":"product_cat-maros-megyei-eletrajzi-lexikon","7":"first","8":"instock","9":"shipping-taxable","10":"product-type-simple"},"_links":{"self":[{"href":"https:\/\/uj.adatbank.ro\/lexikon\/wp-json\/wp\/v2\/product\/20619","targetHints":{"allow":["GET"]}}],"collection":[{"href":"https:\/\/uj.adatbank.ro\/lexikon\/wp-json\/wp\/v2\/product"}],"about":[{"href":"https:\/\/uj.adatbank.ro\/lexikon\/wp-json\/wp\/v2\/types\/product"}],"replies":[{"embeddable":true,"href":"https:\/\/uj.adatbank.ro\/lexikon\/wp-json\/wp\/v2\/comments?post=20619"}],"wp:attachment":[{"href":"https:\/\/uj.adatbank.ro\/lexikon\/wp-json\/wp\/v2\/media?parent=20619"}],"wp:term":[{"taxonomy":"product_brand","embeddable":true,"href":"https:\/\/uj.adatbank.ro\/lexikon\/wp-json\/wp\/v2\/product_brand?post=20619"},{"taxonomy":"product_cat","embeddable":true,"href":"https:\/\/uj.adatbank.ro\/lexikon\/wp-json\/wp\/v2\/product_cat?post=20619"},{"taxonomy":"product_tag","embeddable":true,"href":"https:\/\/uj.adatbank.ro\/lexikon\/wp-json\/wp\/v2\/product_tag?post=20619"}],"curies":[{"name":"wp","href":"https:\/\/api.w.org\/{rel}","templated":true}]}}