{"id":20620,"date":"2025-07-22T18:55:28","date_gmt":"2025-07-22T16:55:28","guid":{"rendered":"https:\/\/uj.adatbank.ro\/lexikon\/termek\/somay-janos\/"},"modified":"2025-07-22T18:55:28","modified_gmt":"2025-07-22T16:55:28","slug":"somay-janos","status":"publish","type":"product","link":"https:\/\/uj.adatbank.ro\/lexikon\/termek\/somay-janos\/","title":{"rendered":"SOMAY J\u00e1nos"},"content":{"rendered":"<p>? \u2020?: tan\u00e1r. \u2013 Feles\u00e9ge: Papp Ibolyka. Fi\u00fak: Jancsika (1938? \u2013 Mv., 1942. dec. 24.). \u2013 A mv.-i R.K. Gimn.-ban t\u00f6rt\u00e9nelmet \u00e9s f\u00f6ldrajzot tan\u00edtott (1940\u201344 k.); r\u00e9szt vett az Erd\u00e9lyi R. K. tan\u00e1rok kongresszus\u00e1n (1943). <br \/><strong>Irod.:<\/strong> Gy\u00e1szjelent\u0151; H\u00e1bor\u00fas nevel\u00e9s: Besz\u00e9dek \u00e9s el\u0151ad\u00e1sok az Erd\u00e9lyi Rom. Kat. tan\u00e1rok 1943. j\u00fal. 4\u20135 napjain tartott mv.-i Kongresszus\u00e1n (Kv., 1943); R. K. Okt.\u20131; Szab\u00f3 K. Attila.<\/br><\/p>\n","protected":false},"excerpt":{"rendered":"<p>? \u2020?: tan\u00e1r. \u2013 Feles\u00e9ge: Papp Ibolyka. Fi\u00fak: Jancsika (1938? \u2013 Mv., 1942. dec. 24.). \u2013 A mv.-i R.K. Gimn.-ban t\u00f6rt\u00e9nelmet \u00e9s f\u00f6ldrajzot tan\u00edtott (1940\u201344 k.); r\u00e9szt vett az Erd\u00e9lyi R. K. tan\u00e1rok kongresszus\u00e1n (1943). Irod.: Gy\u00e1szjelent\u0151; H\u00e1bor\u00fas nevel\u00e9s: Besz\u00e9dek \u00e9s el\u0151ad\u00e1sok az Erd\u00e9lyi Rom. Kat. tan\u00e1rok 1943. j\u00fal. 4\u20135 napjain tartott mv.-i Kongresszus\u00e1n (Kv., [&hellip;]<\/p>\n","protected":false},"featured_media":0,"comment_status":"open","ping_status":"closed","template":"","meta":[],"product_brand":[],"product_cat":[137],"product_tag":[],"class_list":{"0":"post-20620","1":"product","2":"type-product","3":"status-publish","5":"product_cat-maros-megyei-eletrajzi-lexikon","7":"first","8":"instock","9":"shipping-taxable","10":"product-type-simple"},"_links":{"self":[{"href":"https:\/\/uj.adatbank.ro\/lexikon\/wp-json\/wp\/v2\/product\/20620","targetHints":{"allow":["GET"]}}],"collection":[{"href":"https:\/\/uj.adatbank.ro\/lexikon\/wp-json\/wp\/v2\/product"}],"about":[{"href":"https:\/\/uj.adatbank.ro\/lexikon\/wp-json\/wp\/v2\/types\/product"}],"replies":[{"embeddable":true,"href":"https:\/\/uj.adatbank.ro\/lexikon\/wp-json\/wp\/v2\/comments?post=20620"}],"wp:attachment":[{"href":"https:\/\/uj.adatbank.ro\/lexikon\/wp-json\/wp\/v2\/media?parent=20620"}],"wp:term":[{"taxonomy":"product_brand","embeddable":true,"href":"https:\/\/uj.adatbank.ro\/lexikon\/wp-json\/wp\/v2\/product_brand?post=20620"},{"taxonomy":"product_cat","embeddable":true,"href":"https:\/\/uj.adatbank.ro\/lexikon\/wp-json\/wp\/v2\/product_cat?post=20620"},{"taxonomy":"product_tag","embeddable":true,"href":"https:\/\/uj.adatbank.ro\/lexikon\/wp-json\/wp\/v2\/product_tag?post=20620"}],"curies":[{"name":"wp","href":"https:\/\/api.w.org\/{rel}","templated":true}]}}