{"id":20623,"date":"2025-07-22T18:55:36","date_gmt":"2025-07-22T16:55:36","guid":{"rendered":"https:\/\/uj.adatbank.ro\/lexikon\/termek\/sombori-elek-marosvasarhelyi\/"},"modified":"2025-07-22T18:55:36","modified_gmt":"2025-07-22T16:55:36","slug":"sombori-elek-marosvasarhelyi","status":"publish","type":"product","link":"https:\/\/uj.adatbank.ro\/lexikon\/termek\/sombori-elek-marosvasarhelyi\/","title":{"rendered":"SOMBORI Elek, marosv\u00e1s\u00e1rhelyi"},"content":{"rendered":"<p>1794? \u2020 Mv., 1872. szept. 4.: nemes. \u2013 Testv\u00e9re: S. Anna. Feles\u00e9ge: Szab\u00e9di Zsuzs\u00e1nna. Gyermekeik: Elek, K\u00e1rolina, Juli\u00e1nna Petri Ferencn\u00e9; R\u00e1chel; Zsuzs\u00e1nna Moln\u00e1r J\u00f3zsefn\u00e9. <br \/><strong>Irod.:<\/strong> Gy\u00e1szjelent\u0151.<\/br><\/p>\n","protected":false},"excerpt":{"rendered":"<p>1794? \u2020 Mv., 1872. szept. 4.: nemes. \u2013 Testv\u00e9re: S. Anna. Feles\u00e9ge: Szab\u00e9di Zsuzs\u00e1nna. Gyermekeik: Elek, K\u00e1rolina, Juli\u00e1nna Petri Ferencn\u00e9; R\u00e1chel; Zsuzs\u00e1nna Moln\u00e1r J\u00f3zsefn\u00e9. Irod.: Gy\u00e1szjelent\u0151.<\/p>\n","protected":false},"featured_media":0,"comment_status":"open","ping_status":"closed","template":"","meta":[],"product_brand":[],"product_cat":[137],"product_tag":[],"class_list":{"0":"post-20623","1":"product","2":"type-product","3":"status-publish","5":"product_cat-maros-megyei-eletrajzi-lexikon","7":"first","8":"instock","9":"shipping-taxable","10":"product-type-simple"},"_links":{"self":[{"href":"https:\/\/uj.adatbank.ro\/lexikon\/wp-json\/wp\/v2\/product\/20623","targetHints":{"allow":["GET"]}}],"collection":[{"href":"https:\/\/uj.adatbank.ro\/lexikon\/wp-json\/wp\/v2\/product"}],"about":[{"href":"https:\/\/uj.adatbank.ro\/lexikon\/wp-json\/wp\/v2\/types\/product"}],"replies":[{"embeddable":true,"href":"https:\/\/uj.adatbank.ro\/lexikon\/wp-json\/wp\/v2\/comments?post=20623"}],"wp:attachment":[{"href":"https:\/\/uj.adatbank.ro\/lexikon\/wp-json\/wp\/v2\/media?parent=20623"}],"wp:term":[{"taxonomy":"product_brand","embeddable":true,"href":"https:\/\/uj.adatbank.ro\/lexikon\/wp-json\/wp\/v2\/product_brand?post=20623"},{"taxonomy":"product_cat","embeddable":true,"href":"https:\/\/uj.adatbank.ro\/lexikon\/wp-json\/wp\/v2\/product_cat?post=20623"},{"taxonomy":"product_tag","embeddable":true,"href":"https:\/\/uj.adatbank.ro\/lexikon\/wp-json\/wp\/v2\/product_tag?post=20623"}],"curies":[{"name":"wp","href":"https:\/\/api.w.org\/{rel}","templated":true}]}}