{"id":20624,"date":"2025-07-22T18:55:38","date_gmt":"2025-07-22T16:55:38","guid":{"rendered":"https:\/\/uj.adatbank.ro\/lexikon\/termek\/sombori-elek-marosvasarhelyi-sombory-alexius-sombory-elek\/"},"modified":"2025-07-22T18:55:38","modified_gmt":"2025-07-22T16:55:38","slug":"sombori-elek-marosvasarhelyi-sombory-alexius-sombory-elek","status":"publish","type":"product","link":"https:\/\/uj.adatbank.ro\/lexikon\/termek\/sombori-elek-marosvasarhelyi-sombory-alexius-sombory-elek\/","title":{"rendered":"SOMBORI Elek, marosv\u00e1s\u00e1rhelyi, Sombory Alexius, Sombory Elek"},"content":{"rendered":"<p>1819., \u2020 Mv., 1893.: orvos. \u2013 S. Alexius \/ Elek mv.-i nemes (1794? \u2013Mv., 1872. szept. 4.) \u00e9s Szabadi Zsuzs\u00e1nna fia. Testv\u00e9re: K\u00e1rolina (1826? \u2013 Mv., 1888. m\u00e1j. 12.); Juli\u00e1nna Petri Ferencn\u00e9; R\u00e1chel; Zsuzs\u00e1nna Moln\u00e1r J\u00f3zsefn\u00e9. \u2013 Grammatika oszt\u00e1lyokat v\u00e9gzett, inaskodott. Pesten volt seb\u00e9szhallgat\u00f3 (1842\u201343), majd beiratkozott az \u00e1llatorvosi int\u00e9zet II. \u00e9v\u00e9re (1843\u201344). 1848\/49-es honv\u00e9d, orvos, k\u00f6rorvos. <br \/><strong>Irod.:<\/strong> Gy\u00e1szjelent\u0151; P\u00e1lmay J\u00f3zsef; Szab\u00f3 Mikl\u00f3s 2005.<\/br><\/p>\n","protected":false},"excerpt":{"rendered":"<p>1819., \u2020 Mv., 1893.: orvos. \u2013 S. Alexius \/ Elek mv.-i nemes (1794? \u2013Mv., 1872. szept. 4.) \u00e9s Szabadi Zsuzs\u00e1nna fia. Testv\u00e9re: K\u00e1rolina (1826? \u2013 Mv., 1888. m\u00e1j. 12.); Juli\u00e1nna Petri Ferencn\u00e9; R\u00e1chel; Zsuzs\u00e1nna Moln\u00e1r J\u00f3zsefn\u00e9. \u2013 Grammatika oszt\u00e1lyokat v\u00e9gzett, inaskodott. Pesten volt seb\u00e9szhallgat\u00f3 (1842\u201343), majd beiratkozott az \u00e1llatorvosi int\u00e9zet II. \u00e9v\u00e9re (1843\u201344). 1848\/49-es honv\u00e9d, [&hellip;]<\/p>\n","protected":false},"featured_media":0,"comment_status":"open","ping_status":"closed","template":"","meta":[],"product_brand":[],"product_cat":[137],"product_tag":[],"class_list":{"0":"post-20624","1":"product","2":"type-product","3":"status-publish","5":"product_cat-maros-megyei-eletrajzi-lexikon","7":"first","8":"instock","9":"shipping-taxable","10":"product-type-simple"},"_links":{"self":[{"href":"https:\/\/uj.adatbank.ro\/lexikon\/wp-json\/wp\/v2\/product\/20624","targetHints":{"allow":["GET"]}}],"collection":[{"href":"https:\/\/uj.adatbank.ro\/lexikon\/wp-json\/wp\/v2\/product"}],"about":[{"href":"https:\/\/uj.adatbank.ro\/lexikon\/wp-json\/wp\/v2\/types\/product"}],"replies":[{"embeddable":true,"href":"https:\/\/uj.adatbank.ro\/lexikon\/wp-json\/wp\/v2\/comments?post=20624"}],"wp:attachment":[{"href":"https:\/\/uj.adatbank.ro\/lexikon\/wp-json\/wp\/v2\/media?parent=20624"}],"wp:term":[{"taxonomy":"product_brand","embeddable":true,"href":"https:\/\/uj.adatbank.ro\/lexikon\/wp-json\/wp\/v2\/product_brand?post=20624"},{"taxonomy":"product_cat","embeddable":true,"href":"https:\/\/uj.adatbank.ro\/lexikon\/wp-json\/wp\/v2\/product_cat?post=20624"},{"taxonomy":"product_tag","embeddable":true,"href":"https:\/\/uj.adatbank.ro\/lexikon\/wp-json\/wp\/v2\/product_tag?post=20624"}],"curies":[{"name":"wp","href":"https:\/\/api.w.org\/{rel}","templated":true}]}}